{"id":1974,"date":"2022-02-24T14:11:37","date_gmt":"2022-02-24T14:11:37","guid":{"rendered":"https:\/\/twco.prowproject.eu\/home\/"},"modified":"2024-01-19T12:58:25","modified_gmt":"2024-01-19T12:58:25","slug":"home","status":"publish","type":"page","link":"https:\/\/twco.prowproject.eu\/pt-pt\/","title":{"rendered":"Home"},"content":{"rendered":"<ul>\n<li>\n<h3>Participe no inqu\u00e9rito do Observat\u00f3rio do Bem-Estar e da Carreira dos Professores 2023. <\/h3>\n<div>Este inqu\u00e9rito baseia-se no \u00edndice validado de bem-estar e carreira dos professores e tem por objetivo contribuir para a investiga\u00e7\u00e3o em curso e para o desenvolvimento de pol\u00edticas relativas \u00e0 carreira e ao desenvolvimento profissional dos professores.<\/div>\n<p><a href=\"https:\/\/www.surveymonkey.com\/r\/TWCO?lang=pt\">Responder ao inqu\u00e9rito de 2023<\/a><\/p>\n<\/li>\n<li>\n<h3>\u00c1reas-chave<\/h3>\n<div>Saiba mais sobre as principais \u00e1reas que o Observat\u00f3rio do Bem-Estar e da Carreira dos Professores supervisiona, leia os resultados mais recentes do seu pa\u00eds, bem como a sua agenda de investiga\u00e7\u00e3o pol\u00edtica.\n<\/div>\n<p><a href=\"\/pt-pt\/policy-research-agenda\/\">Ler a Agenda de Investiga\u00e7\u00e3o Pol\u00edtica<\/a><\/p>\n<\/li>\n<li>\n<h3>Junte-se a n\u00f3s<\/h3>\n<div>Junte-se a uma organiza\u00e7\u00e3o e actue como ponto focal nacional do Observat\u00f3rio do Bem-Estar e da Carreira dos Professores na Europa!<\/div>\n<p><a href=\"\/pt-pt\/join-us\/\">Aderir \u00e0 rede<\/a><\/p>\n<\/li>\n<\/ul>\n<p><img decoding=\"async\" src=\"\/wp-content\/uploads\/2023\/10\/bgleft.svg\" alt=\"\"><br \/>\n<img decoding=\"async\" src=\"\/wp-content\/uploads\/2023\/10\/bgbc.svg\" alt=\"\"><\/p>\n<h3>Bem-vindo ao Observat\u00f3rio do Bem-Estar e da Carreira dos Professores! Estamos empenhados em promover e defender a import\u00e2ncia do bem-estar dos professores e da progress\u00e3o na carreira em toda a Europa.<\/p>\n<\/h3>\n<p><img decoding=\"async\" src=\"\/wp-content\/uploads\/2023\/10\/scroll.svg\" alt=\"\"><\/p>\n<h1>SOBRE<br \/>\n<\/h1>\n<div>Atrav\u00e9s de colabora\u00e7\u00f5es estreitas com organiza\u00e7\u00f5es de professores, autoridades p\u00fablicas, organiza\u00e7\u00f5es de investiga\u00e7\u00e3o e partes interessadas em toda a Europa, o nosso objetivo \u00e9 promover o bem-estar e a progress\u00e3o na carreira dos professores atrav\u00e9s da realiza\u00e7\u00e3o de investiga\u00e7\u00e3o, facilitando discuss\u00f5es abertas e desenvolvendo recomenda\u00e7\u00f5es pol\u00edticas e pr\u00e1ticas.\n<\/div>\n<div>O Observat\u00f3rio do Bem-Estar e da Carreira dos Professores faz parte do pacote de trabalho &#8220;Desenvolvimento de Pol\u00edticas e Escalabilidade&#8221; do projeto &#8220;Promo\u00e7\u00e3o do Bem-Estar dos Educadores atrav\u00e9s do Apoio ao Comportamento Positivo na Educa\u00e7\u00e3o da Primeira Inf\u00e2ncia&#8221; (ProW) [N\u00famero do Projeto: 626146-EPP-1-2020-2-EL-EPPKA3-PI-POLICY].<\/div>\n<p><img decoding=\"async\" src=\"\/wp-content\/uploads\/2023\/12\/prow-white.png\" alt=\"\"><\/p>\n<ul>\n<li>\n<p>        <img decoding=\"async\" src=\"\/wp-content\/uploads\/2023\/10\/vision_1.svg\" alt=\"\"><\/p>\n<div>Sistemas educativos de elevada qualidade em toda a Europa, nos quais os professores s\u00e3o respeitados e prosperam.\n<\/div>\n<\/li>\n<li>\n<p>        <img decoding=\"async\" src=\"\/wp-content\/uploads\/2023\/10\/mission_1.svg\" alt=\"\"><\/p>\n<div>A nossa miss\u00e3o \u00e9 realizar uma investiga\u00e7\u00e3o cont\u00ednua e apresentar recomenda\u00e7\u00f5es pol\u00edticas e pr\u00e1ticas para a capacita\u00e7\u00e3o da profiss\u00e3o docente, envolvendo todos os stakeholders interessados na educa\u00e7\u00e3o.\n<\/div>\n<\/li>\n<li>\n<p>        <img decoding=\"async\" src=\"\/wp-content\/uploads\/2023\/10\/purpose.svg\" alt=\"\"><\/p>\n<div>Juntos conseguiremos ter um impacto sist\u00e9mico a longo prazo, melhorando as carreiras e o bem-estar dos professores e, ao mesmo tempo, melhorando a qualidade da educa\u00e7\u00e3o disponibilizada em toda a Europa. O nosso objetivo \u00e9 proporcionar uma plataforma para a investiga\u00e7\u00e3o em curso e gerar recomenda\u00e7\u00f5es pol\u00edticas e pr\u00e1ticas que capacitem e apoiem a profiss\u00e3o docente. Acreditamos que investir no bem-estar e no desenvolvimento da carreira dos professores ter\u00e1 um impacto positivo e duradouro nos sistemas educativos.\n<\/div>\n<\/li>\n<\/ul>\n<p>\n    <a href=\"\/pt-pt\/about\/\">Ler mais<\/a>\n<\/p>\n<div>\n<p>        <img decoding=\"async\" src=\"\/wp-content\/uploads\/2023\/10\/about.svg\" alt=\"\"><\/p>\n<h1>Agenda de investiga\u00e7\u00e3o<\/h1>\n<div>\n<p><span>A nossa agenda de investiga\u00e7\u00e3o assenta em quatro \u00e1reas principais:\u00a0<\/span><\/p>\n<ul>\n<li aria-level=\"1\"><span>Bem-estar dos professores\u00a0<\/span><\/li>\n<li aria-level=\"1\"><span>Aprendizagem profissional dos professores<\/span><\/li>\n<li aria-level=\"1\"><span>Progress\u00e3o na carreira\u00a0<\/span><\/li>\n<li aria-level=\"1\"><span>Fatores sist\u00e9micos<\/span><\/li>\n<\/ul>\n<\/div>\n<p><a href=\"\/pt-pt\/policy-research-agenda\/\">Ler mais<\/a><\/p>\n<\/div>\n<div>\n<p>        <img decoding=\"async\" src=\"\/wp-content\/uploads\/2023\/10\/join.svg\" alt=\"\"><\/p>\n<h1>Junte-se a n\u00f3s<\/h1>\n<div>\n<p><span>Este \u00e9 um convite aberto a todas as organiza\u00e7\u00f5es e indiv\u00edduos que partilham a mesma vis\u00e3o que n\u00f3s para que nos contactarem para discutir poss\u00edveis formas de colabora\u00e7\u00e3o. As seguintes categorias de membros est\u00e3o abertas:<\/span><\/p>\n<\/div>\n<p><a href=\"\/pt-pt\/join-us\/\">Ler mais<\/a><\/p>\n<\/div>\n<p><!--more--><br \/>\n<!-- {\"type\":\"layout\",\"children\":[{\"type\":\"section\",\"props\":{\"animation\":\"fade\",\"animation_delay\":\"200\",\"css\":\".el-section\\n{\\n    position:relative;\\n}\",\"image\":\"wp-content\\\/uploads\\\/2023\\\/12\\\/Asset-1.png\",\"image_position\":\"center-center\",\"style\":\"default\",\"title_breakpoint\":\"xl\",\"title_position\":\"top-left\",\"title_rotation\":\"left\",\"vertical_align\":\"middle\",\"width\":\"default\"},\"children\":[{\"type\":\"row\",\"children\":[{\"type\":\"column\",\"props\":{\"image_position\":\"center-center\",\"media_overlay_gradient\":\"\",\"position_sticky_breakpoint\":\"m\",\"width_medium\":\"\"},\"children\":[{\"type\":\"panel-slider\",\"props\":{\"class\":\"phomes\",\"content_column_breakpoint\":\"m\",\"icon_width\":80,\"image_align\":\"top\",\"image_grid_breakpoint\":\"m\",\"image_grid_width\":\"1-2\",\"image_svg_color\":\"emphasis\",\"link_style\":\"default\",\"link_target\":true,\"link_text\":\"Read more\",\"margin\":\"default\",\"maxwidth\":\"large\",\"meta_align\":\"below-title\",\"meta_element\":\"div\",\"meta_style\":\"text-meta\",\"nav\":\"dotnav\",\"nav_align\":\"center\",\"nav_breakpoint\":\"s\",\"panel_card_match\":true,\"position\":\"relative\",\"position_z_index\":\"3\",\"show_content\":true,\"show_image\":true,\"show_link\":true,\"show_meta\":true,\"show_title\":true,\"slidenav\":\"\",\"slidenav_breakpoint\":\"xl\",\"slidenav_margin\":\"medium\",\"slidenav_outside_breakpoint\":\"xl\",\"slider_autoplay\":true,\"slider_autoplay_interval\":\"5\",\"slider_autoplay_pause\":true,\"slider_gap\":\"default\",\"slider_width\":\"fixed\",\"slider_width_default\":\"1-1\",\"slider_width_large\":\"1-1\",\"slider_width_medium\":\"1-1\",\"slider_width_small\":\"1-1\",\"slider_width_xlarge\":\"1-1\",\"title_align\":\"top\",\"title_element\":\"h3\",\"title_grid_breakpoint\":\"m\",\"title_grid_width\":\"1-2\",\"title_hover_style\":\"reset\"},\"children\":[{\"type\":\"panel-slider_item\",\"props\":{\"content\":\"Este inqu\\u00e9rito baseia-se no \\u00edndice validado de bem-estar e carreira dos professores e tem por objetivo contribuir para a investiga\\u00e7\\u00e3o em curso e para o desenvolvimento de pol\\u00edticas relativas \\u00e0 carreira e ao desenvolvimento profissional dos professores.\",\"link\":\"https:\\\/\\\/www.surveymonkey.com\\\/r\\\/TWCO?lang=pt\",\"link_text\":\"Responder ao inqu\\u00e9rito de 2023\",\"title\":\"Participe no inqu\\u00e9rito do Observat\\u00f3rio do Bem-Estar e da Carreira dos Professores 2023. \"}},{\"type\":\"panel-slider_item\",\"props\":{\"content\":\"Saiba mais sobre as principais \\u00e1reas que o Observat\\u00f3rio do Bem-Estar e da Carreira dos Professores supervisiona, leia os resultados mais recentes do seu pa\\u00eds, bem como a sua agenda de investiga\\u00e7\\u00e3o pol\\u00edtica.\\n\",\"link\":\"pt-pt\\\/policy-research-agenda\\\/\",\"link_text\":\"Ler a Agenda de Investiga\\u00e7\\u00e3o Pol\\u00edtica\",\"title\":\"\\u00c1reas-chave\"}},{\"type\":\"panel-slider_item\",\"props\":{\"content\":\"Junte-se a uma organiza\\u00e7\\u00e3o e actue como ponto focal nacional do Observat\\u00f3rio do Bem-Estar e da Carreira dos Professores na Europa!\",\"link\":\"pt-pt\\\/join-us\\\/\",\"link_text\":\"Aderir \\u00e0 rede\",\"title\":\"Junte-se a n\\u00f3s\"}}]},{\"type\":\"image\",\"props\":{\"class\":\"hbgl\",\"image\":\"wp-content\\\/uploads\\\/2023\\\/10\\\/bgleft.svg\",\"image_svg_color\":\"emphasis\",\"margin\":\"default\"}},{\"type\":\"image\",\"props\":{\"class\":\"hbgcb\",\"image\":\"wp-content\\\/uploads\\\/2023\\\/10\\\/bgbc.svg\",\"image_svg_color\":\"emphasis\",\"margin\":\"default\"}}]}]}]},{\"type\":\"section\",\"props\":{\"animation\":\"fade\",\"animation_delay\":\"200\",\"class\":\"h2s\",\"css\":\".el-section{\\n    position:relative;}\",\"image\":\"wp-content\\\/uploads\\\/2023\\\/10\\\/Layer-11.svg\",\"image_position\":\"center-center\",\"style\":\"default\",\"title_breakpoint\":\"xl\",\"title_position\":\"top-left\",\"title_rotation\":\"left\",\"vertical_align\":\"middle\",\"width\":\"default\"},\"children\":[{\"type\":\"row\",\"children\":[{\"type\":\"column\",\"props\":{\"image_position\":\"center-center\",\"media_overlay_gradient\":\"\",\"position_sticky_breakpoint\":\"m\"},\"children\":[{\"type\":\"headline\",\"props\":{\"block_align\":\"center\",\"class\":\"h2h\",\"content\":\"Bem-vindo ao Observat\\u00f3rio do Bem-Estar e da Carreira dos Professores! Estamos empenhados em promover e defender a import\\u00e2ncia do bem-estar dos professores e da progress\\u00e3o na carreira em toda a Europa.\\n\\n\",\"maxwidth\":\"xlarge\",\"text_align\":\"center\",\"title_element\":\"h3\",\"title_style\":\"h3\"}},{\"type\":\"image\",\"props\":{\"class\":\"scroll-icn\",\"image\":\"wp-content\\\/uploads\\\/2023\\\/10\\\/scroll.svg\",\"image_svg_color\":\"emphasis\",\"margin\":\"default\",\"text_align\":\"center\"}}]}]}],\"name\":\"h2\"},{\"type\":\"section\",\"props\":{\"animation\":\"fade\",\"animation_delay\":\"200\",\"class\":\"h3s\",\"css\":\".el-section{\\n    background-color:#33A666;\\n}\",\"image_position\":\"center-center\",\"style\":\"default\",\"title_breakpoint\":\"xl\",\"title_position\":\"top-left\",\"title_rotation\":\"left\",\"vertical_align\":\"middle\",\"width\":\"default\"},\"children\":[{\"type\":\"row\",\"children\":[{\"type\":\"column\",\"props\":{\"image_position\":\"center-center\",\"media_overlay_gradient\":\"\",\"position_sticky_breakpoint\":\"m\"},\"children\":[{\"type\":\"headline\",\"props\":{\"content\":\"SOBRE\\n\",\"css\":\".el-element{\\n    color:#005044;}\",\"text_align\":\"center\",\"title_element\":\"h1\"}},{\"type\":\"text\",\"props\":{\"class\":\"color-black\",\"column_breakpoint\":\"m\",\"content\":\"Atrav\\u00e9s de colabora\\u00e7\\u00f5es estreitas com organiza\\u00e7\\u00f5es de professores, autoridades p\\u00fablicas, organiza\\u00e7\\u00f5es de investiga\\u00e7\\u00e3o e partes interessadas em toda a Europa, o nosso objetivo \\u00e9 promover o bem-estar e a progress\\u00e3o na carreira dos professores atrav\\u00e9s da realiza\\u00e7\\u00e3o de investiga\\u00e7\\u00e3o, facilitando discuss\\u00f5es abertas e desenvolvendo recomenda\\u00e7\\u00f5es pol\\u00edticas e pr\\u00e1ticas.\\n\",\"margin\":\"default\"}}]}]},{\"type\":\"row\",\"props\":{\"layout\":\"3-4,1-4\"},\"children\":[{\"type\":\"column\",\"props\":{\"image_position\":\"center-center\",\"media_overlay_gradient\":\"\",\"position_sticky_breakpoint\":\"m\",\"width_medium\":\"3-4\"},\"children\":[{\"type\":\"text\",\"props\":{\"class\":\"color-black\",\"column_breakpoint\":\"m\",\"content\":\"O Observat\\u00f3rio do Bem-Estar e da Carreira dos Professores faz parte do pacote de trabalho \\\"Desenvolvimento de Pol\\u00edticas e Escalabilidade\\\" do projeto \\\"Promo\\u00e7\\u00e3o do Bem-Estar dos Educadores atrav\\u00e9s do Apoio ao Comportamento Positivo na Educa\\u00e7\\u00e3o da Primeira Inf\\u00e2ncia\\\" (ProW) [N\\u00famero do Projeto: 626146-EPP-1-2020-2-EL-EPPKA3-PI-POLICY].\",\"margin\":\"default\"}}]},{\"type\":\"column\",\"props\":{\"image_position\":\"center-center\",\"media_overlay_gradient\":\"\",\"position_sticky_breakpoint\":\"m\",\"width_medium\":\"1-4\"},\"children\":[{\"type\":\"image\",\"props\":{\"image\":\"wp-content\\\/uploads\\\/2023\\\/12\\\/prow-white.png\",\"image_svg_color\":\"emphasis\",\"margin\":\"default\",\"text_align\":\"center\"}}]}]},{\"type\":\"row\",\"children\":[{\"type\":\"column\",\"props\":{\"image_position\":\"center-center\",\"media_overlay_gradient\":\"\",\"position_sticky_breakpoint\":\"m\"},\"children\":[{\"type\":\"grid\",\"props\":{\"class\":\"h3grid\",\"content_column_breakpoint\":\"m\",\"filter_align\":\"left\",\"filter_all\":true,\"filter_grid_breakpoint\":\"m\",\"filter_grid_width\":\"auto\",\"filter_position\":\"top\",\"filter_style\":\"tab\",\"grid_default\":\"1\",\"grid_medium\":\"3\",\"grid_small\":\"1\",\"icon_width\":80,\"image_align\":\"top\",\"image_grid_breakpoint\":\"m\",\"image_grid_width\":\"1-2\",\"image_svg_color\":\"emphasis\",\"item_animation\":true,\"link_style\":\"default\",\"link_text\":\"Read more\",\"margin\":\"default\",\"meta_align\":\"below-title\",\"meta_element\":\"div\",\"meta_style\":\"text-meta\",\"show_content\":true,\"show_image\":true,\"show_link\":true,\"show_meta\":true,\"show_title\":true,\"text_align\":\"center\",\"title_align\":\"top\",\"title_element\":\"h3\",\"title_grid_breakpoint\":\"m\",\"title_grid_width\":\"1-2\",\"title_hover_style\":\"reset\"},\"children\":[{\"type\":\"grid_item\",\"props\":{\"content\":\"Sistemas educativos de elevada qualidade em toda a Europa, nos quais os professores s\\u00e3o respeitados e prosperam.\\n\",\"image\":\"wp-content\\\/uploads\\\/2023\\\/10\\\/vision_1.svg\"}},{\"type\":\"grid_item\",\"props\":{\"content\":\"A nossa miss\\u00e3o \\u00e9 realizar uma investiga\\u00e7\\u00e3o cont\\u00ednua e apresentar recomenda\\u00e7\\u00f5es pol\\u00edticas e pr\\u00e1ticas para a capacita\\u00e7\\u00e3o da profiss\\u00e3o docente, envolvendo todos os stakeholders interessados na educa\\u00e7\\u00e3o. \\n\",\"image\":\"wp-content\\\/uploads\\\/2023\\\/10\\\/mission_1.svg\"}},{\"type\":\"grid_item\",\"props\":{\"content\":\"Juntos conseguiremos ter um impacto sist\\u00e9mico a longo prazo, melhorando as carreiras e o bem-estar dos professores e, ao mesmo tempo, melhorando a qualidade da educa\\u00e7\\u00e3o disponibilizada em toda a Europa. O nosso objetivo \\u00e9 proporcionar uma plataforma para a investiga\\u00e7\\u00e3o em curso e gerar recomenda\\u00e7\\u00f5es pol\\u00edticas e pr\\u00e1ticas que capacitem e apoiem a profiss\\u00e3o docente. Acreditamos que investir no bem-estar e no desenvolvimento da carreira dos professores ter\\u00e1 um impacto positivo e duradouro nos sistemas educativos.\\n\",\"image\":\"wp-content\\\/uploads\\\/2023\\\/10\\\/purpose.svg\"}}]},{\"type\":\"button\",\"props\":{\"grid_column_gap\":\"small\",\"grid_row_gap\":\"small\",\"margin\":\"default\",\"text_align\":\"center\"},\"children\":[{\"type\":\"button_item\",\"props\":{\"button_style\":\"secondary\",\"content\":\"[readmore_text]\",\"icon_align\":\"left\",\"link\":\"pt-pt\\\/about\\\/\"}}]}]}]}],\"name\":\"h3\"},{\"type\":\"section\",\"props\":{\"animation\":\"fade\",\"animation_delay\":\"200\",\"image\":\"wp-content\\\/uploads\\\/2023\\\/12\\\/bg-green-patter-1.svg\",\"image_position\":\"center-center\",\"image_size\":\"cover\",\"style\":\"default\",\"title_breakpoint\":\"xl\",\"title_position\":\"top-left\",\"title_rotation\":\"left\",\"vertical_align\":\"middle\",\"width\":\"\"},\"children\":[{\"type\":\"row\",\"props\":{\"column_gap\":\"collapse\",\"layout\":\"1-2,1-2\",\"row_gap\":\"collapse\"},\"children\":[{\"type\":\"column\",\"props\":{\"image\":\"\",\"image_position\":\"center-center\",\"media_overlay_gradient\":\"\",\"position_sticky_breakpoint\":\"m\",\"width_medium\":\"1-2\"},\"children\":[{\"type\":\"panel\",\"props\":{\"block_align\":\"right\",\"class\":\"panelh3 panelh31\",\"content\":\"\n\n<p><span>A nossa agenda de investiga\\u00e7\\u00e3o assenta em quatro \\u00e1reas principais:\\u00a0<\\\/span><\\\/p>\\n\n\n<ul>\\n\n\n<li aria-level=\\\"1\\\"><span>Bem-estar dos professores\\u00a0<\\\/span><\\\/li>\\n\n\n<li aria-level=\\\"1\\\"><span>Aprendizagem profissional dos professores<\\\/span><\\\/li>\\n\n\n<li aria-level=\\\"1\\\"><span>Progress\\u00e3o na carreira\\u00a0<\\\/span><\\\/li>\\n\n\n<li aria-level=\\\"1\\\"><span>Fatores sist\\u00e9micos<\\\/span><\\\/li>\\n<\\\/ul>\",\"content_column_breakpoint\":\"m\",\"icon_width\":80,\"image\":\"wp-content\\\/uploads\\\/2023\\\/10\\\/about.svg\",\"image_align\":\"top\",\"image_grid_breakpoint\":\"m\",\"image_grid_width\":\"1-2\",\"image_svg_color\":\"emphasis\",\"link\":\"pt-pt\\\/policy-research-agenda\\\/\",\"link_style\":\"default\",\"link_text\":\"[readmore_text]\",\"margin\":\"default\",\"maxwidth\":\"xlarge\",\"meta_align\":\"below-title\",\"meta_element\":\"div\",\"meta_style\":\"text-meta\",\"text_align\":\"center\",\"text_align_breakpoint\":\"s\",\"text_align_fallback\":\"center\",\"title\":\"Agenda de investiga\\u00e7\\u00e3o\",\"title_align\":\"top\",\"title_element\":\"h1\",\"title_grid_breakpoint\":\"m\",\"title_grid_width\":\"1-2\",\"title_hover_style\":\"reset\"}}]},{\"type\":\"column\",\"props\":{\"image\":\"\",\"image_position\":\"center-center\",\"media_overlay_gradient\":\"\",\"position_sticky_breakpoint\":\"m\",\"width_medium\":\"1-2\"},\"children\":[{\"type\":\"panel\",\"props\":{\"class\":\"panelh3 panelh32\",\"content\":\"\n\n<p><span>Este \\u00e9 um convite aberto a todas as organiza\\u00e7\\u00f5es e indiv\\u00edduos que partilham a mesma vis\\u00e3o que n\\u00f3s para que nos contactarem para discutir poss\\u00edveis formas de colabora\\u00e7\\u00e3o. As seguintes categorias de membros est\\u00e3o abertas:<\\\/span><\\\/p>\",\"content_column_breakpoint\":\"m\",\"icon_width\":80,\"image\":\"wp-content\\\/uploads\\\/2023\\\/10\\\/join.svg\",\"image_align\":\"top\",\"image_grid_breakpoint\":\"m\",\"image_grid_width\":\"1-2\",\"image_svg_color\":\"emphasis\",\"link\":\"pt-pt\\\/join-us\\\/\",\"link_style\":\"default\",\"link_text\":\"[readmore_text]\",\"margin\":\"default\",\"maxwidth\":\"xlarge\",\"meta_align\":\"below-title\",\"meta_element\":\"div\",\"meta_style\":\"text-meta\",\"text_align\":\"center\",\"text_align_breakpoint\":\"s\",\"text_align_fallback\":\"center\",\"title\":\"Junte-se a n\\u00f3s\",\"title_align\":\"top\",\"title_element\":\"h1\",\"title_grid_breakpoint\":\"m\",\"title_grid_width\":\"1-2\",\"title_hover_style\":\"reset\"}}]}]}]}],\"version\":\"3.0.20\"} --><\/p>\n","protected":false},"excerpt":{"rendered":"<p>Participe no inqu\u00e9rito do Observat\u00f3rio do Bem-Estar e da Carreira dos Professores 2023. Este inqu\u00e9rito baseia-se no \u00edndice validado de bem-estar e carreira dos professores..<\/p>\n","protected":false},"author":1,"featured_media":0,"parent":0,"menu_order":0,"comment_status":"closed","ping_status":"closed","template":"","meta":{"_acf_changed":false,"inline_featured_image":false,"footnotes":""},"class_list":["post-1974","page","type-page","status-publish","hentry"],"acf":[],"_links":{"self":[{"href":"https:\/\/twco.prowproject.eu\/pt-pt\/wp-json\/wp\/v2\/pages\/1974","targetHints":{"allow":["GET"]}}],"collection":[{"href":"https:\/\/twco.prowproject.eu\/pt-pt\/wp-json\/wp\/v2\/pages"}],"about":[{"href":"https:\/\/twco.prowproject.eu\/pt-pt\/wp-json\/wp\/v2\/types\/page"}],"author":[{"embeddable":true,"href":"https:\/\/twco.prowproject.eu\/pt-pt\/wp-json\/wp\/v2\/users\/1"}],"replies":[{"embeddable":true,"href":"https:\/\/twco.prowproject.eu\/pt-pt\/wp-json\/wp\/v2\/comments?post=1974"}],"version-history":[{"count":4,"href":"https:\/\/twco.prowproject.eu\/pt-pt\/wp-json\/wp\/v2\/pages\/1974\/revisions"}],"predecessor-version":[{"id":2046,"href":"https:\/\/twco.prowproject.eu\/pt-pt\/wp-json\/wp\/v2\/pages\/1974\/revisions\/2046"}],"wp:attachment":[{"href":"https:\/\/twco.prowproject.eu\/pt-pt\/wp-json\/wp\/v2\/media?parent=1974"}],"curies":[{"name":"wp","href":"https:\/\/api.w.org\/{rel}","templated":true}]}}