{"id":1978,"date":"2023-10-23T10:03:53","date_gmt":"2023-10-23T10:03:53","guid":{"rendered":"https:\/\/twco.prowproject.eu\/policy-research-agenda\/"},"modified":"2024-01-19T13:06:56","modified_gmt":"2024-01-19T13:06:56","slug":"policy-research-agenda","status":"publish","type":"page","link":"https:\/\/twco.prowproject.eu\/pt-pt\/policy-research-agenda\/","title":{"rendered":"O \u00edndice e as medidas"},"content":{"rendered":"<h4>Agenda de investiga\u00e7\u00e3o<\/h4>\n<p><img decoding=\"async\" src=\"\/wp-content\/uploads\/2024\/01\/pt-circles.png\" alt=\"\"><\/p>\n<div>\n<p><span style=\"color: #025446;\">Bem-estar dos professores:<\/span> <span>Dar prioridade ao bem-estar dos professores \u00e9 crucial porque, quando os educadores s\u00e3o apoiados emocional e fisicamente, podem promover um ambiente de aprendizagem positivo, inspirar os alunos e melhorar globalmente a sua experi\u00eancia educativa.<\/span><\/p>\n<p><span style=\"color: #33a665;\">Progress\u00e3o na carreira:<\/span> A progress\u00e3o na carreira dos professores n\u00e3o s\u00f3 enriquece o seu crescimento profissional, como tamb\u00e9m aumenta a sua capacidade de proporcionar um ensino de maior qualidade e influenciar positivamente a vida dos estudantes.<\/p>\n<p><span style=\"color: #014366;\">Aprendizagem profissional:<\/span> O desenvolvimento dos conhecimentos, das compet\u00eancias e das capacidades dos professores permitem-lhes melhorar a sua pr\u00e1tica, manterem-se atualizados com as mais recentes metodologias de ensino e desenvolverem continuamente a sua experi\u00eancia, o que conduz a um ensino mais eficaz e com maior impacto.<\/p>\n<p><span style=\"color: #37aa99;\">Fatores sist\u00e9micos:<\/span>An\u00e1lise de todos os fatores sist\u00e9micos que t\u00eam impacto direto e\/ou indireto no bem-estar e na carreira dos professores, incluindo curr\u00edculos, avalia\u00e7\u00e3o, pol\u00edticas, integra\u00e7\u00e3o de tecnologias, apoio, lideran\u00e7a escolar, rela\u00e7\u00f5es pais-escola e todos os outros fatores que t\u00eam impacto na qualidade da educa\u00e7\u00e3o.<\/p>\n<\/div>\n<h4>\u00cdndice e Medidas<\/h4>\n<div>\n<p><span>O \u00cdndice do Observat\u00f3rio do Bem-Estar e da Carreira dos Professores \u00e9 um question\u00e1rio online que recolhe as respostas e as guarda numa base de dados. O \u00edndice ser\u00e1 atualizado periodicamente para garantir que est\u00e1 atualizado e aborda as quest\u00f5es-chave da educa\u00e7\u00e3o e do bem-estar dos professores.\u00a0<\/span><\/p>\n<ul>\n<li aria-level=\"1\"><span>Dados demogr\u00e1ficos (por exemplo, sexo, idade, faixa salarial, n\u00edvel de ensino, n\u00famero de alunos na turma, n\u00edvel de ensino da escola, tipo de institui\u00e7\u00e3o, etc.)<\/span><\/li>\n<li aria-level=\"1\"><span>Evolu\u00e7\u00e3o da carreira (ou seja, cargo, anos de experi\u00eancia, tipo de contrato, estatuto profissional, evolu\u00e7\u00e3o na carreira nos \u00faltimos 5 anos, perspetivas de carreira nos pr\u00f3ximos 5 anos, etc.)<\/span><\/li>\n<li aria-level=\"1\"><span>Desenvolvimento profissional (ou seja, participa\u00e7\u00e3o em atividades de desenvolvimento profissional, horas de participa\u00e7\u00e3o, incentivos da escola, etc.)<\/span><\/li>\n<li aria-level=\"1\"><span>Question\u00e1rio de bem-estar subjetivo do professor (TSWQ)<\/span><\/li>\n<li aria-level=\"1\"><span>O PERMA Profiler<\/span><\/li>\n<li aria-level=\"1\"><span>O Invent\u00e1rio de Burnout de Maslach (MBI)<\/span><\/li>\n<li aria-level=\"1\"><span>Considerar a possibilidade de acrescentar uma escala que me\u00e7a a satisfa\u00e7\u00e3o profissional dos professores<\/span><\/li>\n<li aria-level=\"1\"><span>Perguntas abertas (ou seja, maiores desafios, sugest\u00f5es)<\/span><\/li>\n<\/ul>\n<p><a class=\"uk-button uk-button-primary\" href=\"https:\/\/www.surveymonkey.com\/r\/TWCO?lang=pt\" target=\"_blank\" rel=\"noopener\">Pode preencher o question\u00e1rio aqui<\/a><\/p>\n<\/div>\n<h4>Relat\u00f3rio do Observat\u00f3rio do Bem-Estar 2024<\/h4>\n<div>\n<p>O relat\u00f3rio do Observat\u00f3rio do Bem-Estar \u00e9 um relat\u00f3rio bienal que inclui as medidas documentadas atrav\u00e9s do \u00cdndice do Observat\u00f3rio do Bem-Estar e da Carreira dos Professores.<\/p>\n<p><a class=\"uk-button uk-button-primary\" href=\"#comingsoon\">Baixar relat\u00f3rio<\/a><\/p>\n<\/div>\n<p><!--more--><br \/>\n<!-- {\"type\":\"layout\",\"children\":[{\"type\":\"section\",\"props\":{\"animation\":\"fade\",\"animation_delay\":\"200\",\"image_position\":\"center-center\",\"padding_remove_top\":true,\"style\":\"default\",\"title_breakpoint\":\"xl\",\"title_position\":\"top-left\",\"title_rotation\":\"left\",\"vertical_align\":\"middle\",\"width\":\"default\"},\"children\":[{\"type\":\"row\",\"children\":[{\"type\":\"column\",\"props\":{\"image_position\":\"center-center\",\"media_overlay_gradient\":\"\",\"position_sticky_breakpoint\":\"m\"},\"children\":[{\"type\":\"headline\",\"props\":{\"class\":\"uk-text-uppercase\",\"text_align\":\"left\",\"title_color\":\"success\",\"title_element\":\"h1\",\"title_style\":\"h1\"},\"name\":\"headline-pages\",\"source\":{\"query\":{\"name\":\"pages.singlePage\"},\"props\":{\"content\":{\"filters\":{\"search\":\"\"},\"name\":\"title\"}}}},{\"type\":\"headline\",\"props\":{\"class\":\"uk-text-uppercase\",\"content\":\"Agenda de investiga\\u00e7\\u00e3o\",\"title_color\":\"success\",\"title_element\":\"h4\"}}]}]},{\"type\":\"row\",\"props\":{\"layout\":\"1-3,2-3\"},\"children\":[{\"type\":\"column\",\"props\":{\"image_position\":\"center-center\",\"media_overlay_gradient\":\"\",\"position_sticky_breakpoint\":\"m\",\"width_medium\":\"1-3\"},\"children\":[{\"type\":\"image\",\"props\":{\"image\":\"wp-content\\\/uploads\\\/2024\\\/01\\\/pt-circles.png\",\"image_svg_color\":\"emphasis\",\"margin\":\"default\"}}]},{\"type\":\"column\",\"props\":{\"image_position\":\"center-center\",\"media_overlay_gradient\":\"\",\"position_sticky_breakpoint\":\"m\",\"vertical_align\":\"middle\",\"width_medium\":\"2-3\"},\"children\":[{\"type\":\"text\",\"props\":{\"class\":\"color-black\",\"column_breakpoint\":\"m\",\"content\":\"\n\n<p><span style=\\\"color: #025446;\\\">Bem-estar dos professores:<\\\/span> <span>Dar prioridade ao bem-estar dos professores \\u00e9 crucial porque, quando os educadores s\\u00e3o apoiados emocional e fisicamente, podem promover um ambiente de aprendizagem positivo, inspirar os alunos e melhorar globalmente a sua experi\\u00eancia educativa.<\\\/span><\\\/p>\\n\n\n<p><span style=\\\"color: #33a665;\\\">Progress\\u00e3o na carreira:<\\\/span> A progress\\u00e3o na carreira dos professores n\\u00e3o s\\u00f3 enriquece o seu crescimento profissional, como tamb\\u00e9m aumenta a sua capacidade de proporcionar um ensino de maior qualidade e influenciar positivamente a vida dos estudantes.<\\\/p>\\n\n\n<p><span style=\\\"color: #014366;\\\">Aprendizagem profissional:<\\\/span> O desenvolvimento dos conhecimentos, das compet\\u00eancias e das capacidades dos professores permitem-lhes melhorar a sua pr\\u00e1tica, manterem-se atualizados com as mais recentes metodologias de ensino e desenvolverem continuamente a sua experi\\u00eancia, o que conduz a um ensino mais eficaz e com maior impacto.<\\\/p>\\n\n\n<p><span style=\\\"color: #37aa99;\\\">Fatores sist\\u00e9micos:<\\\/span>An\\u00e1lise de todos os fatores sist\\u00e9micos que t\\u00eam impacto direto e\\\/ou indireto no bem-estar e na carreira dos professores, incluindo curr\\u00edculos, avalia\\u00e7\\u00e3o, pol\\u00edticas, integra\\u00e7\\u00e3o de tecnologias, apoio, lideran\\u00e7a escolar, rela\\u00e7\\u00f5es pais-escola e todos os outros fatores que t\\u00eam impacto na qualidade da educa\\u00e7\\u00e3o.<\\\/p>\",\"margin\":\"default\"}}]}]},{\"type\":\"row\",\"children\":[{\"type\":\"column\",\"props\":{\"image_position\":\"center-center\",\"media_overlay_gradient\":\"\",\"position_sticky_breakpoint\":\"m\"},\"children\":[{\"type\":\"headline\",\"props\":{\"class\":\"uk-text-uppercase\",\"content\":\"\\u00cdndice e Medidas\",\"margin_remove_bottom\":true,\"text_align\":\"left\",\"title_color\":\"success\",\"title_element\":\"h4\"}},{\"type\":\"text\",\"props\":{\"class\":\"color-black\",\"column_breakpoint\":\"m\",\"content\":\"\n\n<p><span>O \\u00cdndice do Observat\\u00f3rio do Bem-Estar e da Carreira dos Professores \\u00e9 um question\\u00e1rio online que recolhe as respostas e as guarda numa base de dados. O \\u00edndice ser\\u00e1 atualizado periodicamente para garantir que est\\u00e1 atualizado e aborda as quest\\u00f5es-chave da educa\\u00e7\\u00e3o e do bem-estar dos professores.\\u00a0<\\\/span><\\\/p>\\n\n\n<ul>\\n\n\n<li aria-level=\\\"1\\\"><span>Dados demogr\\u00e1ficos (por exemplo, sexo, idade, faixa salarial, n\\u00edvel de ensino, n\\u00famero de alunos na turma, n\\u00edvel de ensino da escola, tipo de institui\\u00e7\\u00e3o, etc.)<\\\/span><\\\/li>\\n\n\n<li aria-level=\\\"1\\\"><span>Evolu\\u00e7\\u00e3o da carreira (ou seja, cargo, anos de experi\\u00eancia, tipo de contrato, estatuto profissional, evolu\\u00e7\\u00e3o na carreira nos \\u00faltimos 5 anos, perspetivas de carreira nos pr\\u00f3ximos 5 anos, etc.)<\\\/span><\\\/li>\\n\n\n<li aria-level=\\\"1\\\"><span>Desenvolvimento profissional (ou seja, participa\\u00e7\\u00e3o em atividades de desenvolvimento profissional, horas de participa\\u00e7\\u00e3o, incentivos da escola, etc.)<\\\/span><\\\/li>\\n\n\n<li aria-level=\\\"1\\\"><span>Question\\u00e1rio de bem-estar subjetivo do professor (TSWQ)<\\\/span><\\\/li>\\n\n\n<li aria-level=\\\"1\\\"><span>O PERMA Profiler<\\\/span><\\\/li>\\n\n\n<li aria-level=\\\"1\\\"><span>O Invent\\u00e1rio de Burnout de Maslach (MBI)<\\\/span><\\\/li>\\n\n\n<li aria-level=\\\"1\\\"><span>Considerar a possibilidade de acrescentar uma escala que me\\u00e7a a satisfa\\u00e7\\u00e3o profissional dos professores<\\\/span><\\\/li>\\n\n\n<li aria-level=\\\"1\\\"><span>Perguntas abertas (ou seja, maiores desafios, sugest\\u00f5es)<\\\/span><\\\/li>\\n<\\\/ul>\\n\n\n<p><a class=\\\"uk-button uk-button-primary\\\" href=\\\"https:\\\/\\\/www.surveymonkey.com\\\/r\\\/TWCO?lang=pt\\\" target=\\\"_blank\\\" rel=\\\"noopener\\\">Pode preencher o question\\u00e1rio aqui<\\\/a><\\\/p>\",\"margin\":\"default\",\"margin_remove_top\":true}}]}]},{\"type\":\"row\",\"children\":[{\"type\":\"column\",\"props\":{\"image_position\":\"center-center\",\"media_overlay_gradient\":\"\",\"position_sticky_breakpoint\":\"m\"},\"children\":[{\"type\":\"headline\",\"props\":{\"class\":\"uk-text-uppercase\",\"content\":\"Relat\\u00f3rio do Observat\\u00f3rio do Bem-Estar 2024\",\"margin_remove_bottom\":true,\"text_align\":\"left\",\"title_color\":\"success\",\"title_element\":\"h4\"}},{\"type\":\"text\",\"props\":{\"class\":\"color-black\",\"column_breakpoint\":\"m\",\"content\":\"\n\n<p>O relat\\u00f3rio do Observat\\u00f3rio do Bem-Estar \\u00e9 um relat\\u00f3rio bienal que inclui as medidas documentadas atrav\\u00e9s do \\u00cdndice do Observat\\u00f3rio do Bem-Estar e da Carreira dos Professores.<\\\/p>\\n\n\n<p><a class=\\\"uk-button uk-button-primary\\\" href=\\\"#comingsoon\\\">Baixar relat\\u00f3rio<\\\/a><\\\/p>\",\"margin\":\"default\",\"margin_remove_top\":true}}]}]}],\"name\":\"hahah]\"}],\"version\":\"3.0.20\"} --><\/p>\n","protected":false},"excerpt":{"rendered":"<p>Agenda de investiga\u00e7\u00e3o Bem-estar dos professores: Dar prioridade ao bem-estar dos professores \u00e9 crucial porque, quando os educadores s\u00e3o apoiados emocional e fisicamente, podem promover..<\/p>\n","protected":false},"author":1,"featured_media":0,"parent":0,"menu_order":0,"comment_status":"closed","ping_status":"closed","template":"","meta":{"_acf_changed":false,"inline_featured_image":false,"footnotes":""},"class_list":["post-1978","page","type-page","status-publish","hentry"],"acf":[],"_links":{"self":[{"href":"https:\/\/twco.prowproject.eu\/pt-pt\/wp-json\/wp\/v2\/pages\/1978","targetHints":{"allow":["GET"]}}],"collection":[{"href":"https:\/\/twco.prowproject.eu\/pt-pt\/wp-json\/wp\/v2\/pages"}],"about":[{"href":"https:\/\/twco.prowproject.eu\/pt-pt\/wp-json\/wp\/v2\/types\/page"}],"author":[{"embeddable":true,"href":"https:\/\/twco.prowproject.eu\/pt-pt\/wp-json\/wp\/v2\/users\/1"}],"replies":[{"embeddable":true,"href":"https:\/\/twco.prowproject.eu\/pt-pt\/wp-json\/wp\/v2\/comments?post=1978"}],"version-history":[{"count":4,"href":"https:\/\/twco.prowproject.eu\/pt-pt\/wp-json\/wp\/v2\/pages\/1978\/revisions"}],"predecessor-version":[{"id":2055,"href":"https:\/\/twco.prowproject.eu\/pt-pt\/wp-json\/wp\/v2\/pages\/1978\/revisions\/2055"}],"wp:attachment":[{"href":"https:\/\/twco.prowproject.eu\/pt-pt\/wp-json\/wp\/v2\/media?parent=1978"}],"curies":[{"name":"wp","href":"https:\/\/api.w.org\/{rel}","templated":true}]}}