{"id":1986,"date":"2023-10-23T10:03:53","date_gmt":"2023-10-23T10:03:53","guid":{"rendered":"https:\/\/twco.prowproject.eu\/join-us\/"},"modified":"2024-01-19T13:13:27","modified_gmt":"2024-01-19T13:13:27","slug":"join-us","status":"publish","type":"page","link":"https:\/\/twco.prowproject.eu\/pt-pt\/join-us\/","title":{"rendered":"Junte-se a n\u00f3s"},"content":{"rendered":"<h4>Convite aberto<\/h4>\n<div>\n<p><span>Este \u00e9 um convite aberto a todas as organiza\u00e7\u00f5es e indiv\u00edduos que partilham a mesma vis\u00e3o que n\u00f3s para que nos contactarem para discutir poss\u00edveis formas de colabora\u00e7\u00e3o. As seguintes categorias de membros est\u00e3o abertas:<\/span><\/p>\n<ul>\n<li aria-level=\"1\"><span>Pontos Focais Nacionais<\/span><\/li>\n<li aria-level=\"1\"><span>Organiza\u00e7\u00f5es ativas na forma\u00e7\u00e3o e investiga\u00e7\u00e3o com professores (por exemplo, universidades, escolas, centros de forma\u00e7\u00e3o de professores)<\/span><\/li>\n<li aria-level=\"1\"><span>Professores e investigadores individuais<\/span><\/li>\n<\/ul>\n<\/div>\n<h4>Benef\u00edcios para os professores<\/h4>\n<div>\n<p><span>Os benef\u00edcios para os professores que participam no Observat\u00f3rio do Bem-estar e da Carreira dos Professores incluem:<br \/><\/span><\/p>\n<\/div>\n<ul>\n<li>\n<p>        <img decoding=\"async\" src=\"\/wp-content\/uploads\/2023\/10\/join11.png\" alt=\"\"><\/p>\n<div>\n<p>Adquirir uma compreens\u00e3o fundamental do que constitui o bem-estar e como este afecta as suas vidas. <\/p>\n<\/div>\n<\/li>\n<li>\n<p>        <img decoding=\"async\" src=\"\/wp-content\/uploads\/2023\/10\/join12.png\" alt=\"\"><\/p>\n<div>\n<p>Promover iniciativas e pr\u00e1ticas que melhorem o bem-estar e a satisfa\u00e7\u00e3o profissional dos professores.<\/p>\n<\/div>\n<\/li>\n<li>\n<p>        <img decoding=\"async\" src=\"\/wp-content\/uploads\/2023\/10\/join13.png\" alt=\"\"><\/p>\n<div>\n<p>Adquirir conhecimentos e compet\u00eancias espec\u00edficas para fornecer instru\u00e7\u00f5es eficazes sobre compet\u00eancias sociais. <\/p>\n<\/div>\n<\/li>\n<li>\n<p>        <img decoding=\"async\" src=\"\/wp-content\/uploads\/2023\/10\/join14.png\" alt=\"\"><\/p>\n<div>\n<p>Influenciar pol\u00edticas para o desenvolvimento e melhoria do bem-estar e desenvolvimento profissional dos professores. <\/p>\n<\/div>\n<\/li>\n<\/ul>\n<div>\n<p><span>Se quiser registar-se como apoiante e receber actualiza\u00e7\u00f5es sobre as nossas ac\u00e7\u00f5es, <a style=\"color: #f8a65d;\" target=\"_blank\" href=\"#comingsoon\" rel=\"noopener\">clique aqui.<\/a><br \/><\/span><\/p>\n<\/div>\n<h4>Porqu\u00ea aderir a esta iniciativa?<\/h4>\n<div>\n<p>\u00c0 medida que a rede do Observat\u00f3rio cresce, estamos constantemente \u00e0 procura da ades\u00e3o de novos pa\u00edses e membros. As organiza\u00e7\u00f5es e indiv\u00edduos t\u00eam muitas vantagens em aderir a esta iniciativa: <\/p>\n<\/div>\n<ul>\n<li>\n<p>        <img decoding=\"async\" src=\"\/wp-content\/uploads\/2023\/10\/join21.png\" alt=\"\"><\/p>\n<div>\n<p>Amplas oportunidades para a cria\u00e7\u00e3o de redes, permitindo-lhe estabelecer contactos com institui\u00e7\u00f5es de investiga\u00e7\u00e3o de toda a Europa e promover colabora\u00e7\u00f5es.<\/p>\n<\/div>\n<\/li>\n<li>\n<p>        <img decoding=\"async\" src=\"\/wp-content\/uploads\/2023\/10\/join22.png\" alt=\"\"><\/p>\n<div>\n<p>Colabora\u00e7\u00e3o em futuras oportunidades de financiamento, o que permitir\u00e1 \u00e0 sua organiza\u00e7\u00e3o aceder a recursos adicionais para investiga\u00e7\u00e3o e implementa\u00e7\u00e3o.<\/p>\n<\/div>\n<\/li>\n<li>\n<p>        <img decoding=\"async\" src=\"\/wp-content\/uploads\/2023\/10\/join23.png\" alt=\"\"><\/p>\n<div>\n<p>Envolver-se em programas de investiga\u00e7\u00e3o colaborativa e de refor\u00e7o de capacidades com v\u00e1rias oportunidades de forma\u00e7\u00e3o para investigadores, escolas, professores e pessoal escolar. <\/p>\n<\/div>\n<\/li>\n<li>\n<p>        <img decoding=\"async\" src=\"\/wp-content\/uploads\/2023\/10\/join24.png\" alt=\"\"><\/p>\n<div>\n<p>Existir\u00e3o v\u00e1rias oportunidades para publica\u00e7\u00f5es e apresenta\u00e7\u00f5es em confer\u00eancias, ajudando a mostrar o trabalho e a experi\u00eancia da sua organiza\u00e7\u00e3o.<\/p>\n<\/div>\n<\/li>\n<li>\n<p>        <img decoding=\"async\" src=\"\/wp-content\/uploads\/2023\/10\/join25.png\" alt=\"\"><\/p>\n<div>\n<p>Atrav\u00e9s da consulta e da participa\u00e7\u00e3o em reformas pol\u00edticas nacionais, a sua organiza\u00e7\u00e3o pode contribuir ativamente para moldar o panorama educativo.<\/p>\n<\/div>\n<\/li>\n<li>\n<p>        <img decoding=\"async\" src=\"\/wp-content\/uploads\/2023\/10\/join26.png\" alt=\"\"><\/p>\n<div>\n<p>Ao aderir, estar\u00e1 a contribuir, significativamente, para a melhoria da profiss\u00e3o docente e para a qualidade geral da educa\u00e7\u00e3o.<\/p>\n<\/div>\n<\/li>\n<li>\n<p>        <img decoding=\"async\" src=\"\/wp-content\/uploads\/2023\/12\/lasticon.png\" alt=\"\"><\/p>\n<div>\n<p>Se preencher os crit\u00e9rios para se assumir como um ponto focal nacional (ver sec\u00e7\u00e3o seguinte), poder\u00e1, dessa forma, contribuir para o bem-estar dos professores na Europa, desempenhando um papel crucial na defini\u00e7\u00e3o de debates e iniciativas.<\/p>\n<\/div>\n<\/li>\n<\/ul>\n<p><img decoding=\"async\" src=\"\/wp-content\/uploads\/2023\/10\/form-img.png\" alt=\"\"><\/p>\n<div>\n\n<div class=\"wpcf7 no-js\" id=\"wpcf7-f2065-o1\" lang=\"pt-PT\" dir=\"ltr\" data-wpcf7-id=\"2065\">\n<div class=\"screen-reader-response\"><p role=\"status\" aria-live=\"polite\" aria-atomic=\"true\"><\/p> <ul><\/ul><\/div>\n<form action=\"\/pt-pt\/wp-json\/wp\/v2\/pages\/1986#wpcf7-f2065-o1\" method=\"post\" class=\"wpcf7-form init\" aria-label=\"Formul\u00e1rio de contacto\" novalidate=\"novalidate\" data-status=\"init\">\n<fieldset class=\"hidden-fields-container\"><input type=\"hidden\" name=\"_wpcf7\" value=\"2065\" \/><input type=\"hidden\" name=\"_wpcf7_version\" value=\"6.1.5\" \/><input type=\"hidden\" name=\"_wpcf7_locale\" value=\"pt_PT\" \/><input type=\"hidden\" name=\"_wpcf7_unit_tag\" value=\"wpcf7-f2065-o1\" \/><input type=\"hidden\" name=\"_wpcf7_container_post\" value=\"0\" \/><input type=\"hidden\" name=\"_wpcf7_posted_data_hash\" value=\"\" \/><input type=\"hidden\" name=\"_wpcf7_recaptcha_response\" value=\"\" \/>\n<\/fieldset>\n<div class=\"uk-margin uk-flex\">\n\t<div class=\"uk-inline uk-width-1-2@m uk-width-1-1@s uk-margin-right\">\n\t\t<p><span class=\"wpcf7-form-control-wrap\" data-name=\"your-name\"><input size=\"40\" maxlength=\"400\" class=\"wpcf7-form-control wpcf7-text wpcf7-validates-as-required uk-input uk-margin-small-bottom\" aria-required=\"true\" aria-invalid=\"false\" placeholder=\"Nome e apelido\" value=\"\" type=\"text\" name=\"your-name\" \/><\/span>\n\t\t<\/p>\n\t<\/div>\n\t<div class=\"uk-width-1-2@m uk-width-1-1@s uk-inline\">\n\t\t<p><span class=\"wpcf7-form-control-wrap\" data-name=\"your-email\"><input size=\"40\" maxlength=\"400\" class=\"wpcf7-form-control wpcf7-email wpcf7-validates-as-required wpcf7-text wpcf7-validates-as-email uk-input uk-margin-small-bottom\" aria-required=\"true\" aria-invalid=\"false\" placeholder=\"Email\" value=\"\" type=\"email\" name=\"your-email\" \/><\/span>\n\t\t<\/p>\n\t<\/div>\n<\/div>\n<div class=\"uk-margin\">\n\t<p><span class=\"wpcf7-form-control-wrap\" data-name=\"your-subject\"><input size=\"40\" maxlength=\"400\" class=\"wpcf7-form-control wpcf7-text wpcf7-validates-as-required uk-input uk-margin-small-bottom\" aria-required=\"true\" aria-invalid=\"false\" placeholder=\"Assunto\" value=\"\" type=\"text\" name=\"your-subject\" \/><\/span>\n\t<\/p>\n<\/div>\n<div class=\"uk-margin\">\n<\/div>\n<div class=\"uk-margin\">\n\t<p><span class=\"wpcf7-form-control-wrap\" data-name=\"your-message\"><textarea cols=\"40\" rows=\"10\" maxlength=\"2000\" class=\"wpcf7-form-control wpcf7-textarea uk-textarea uk-margin-small-bottom\" aria-invalid=\"false\" placeholder=\"Mensagem\" name=\"your-message\"><\/textarea><\/span>\n\t<\/p>\n<\/div>\n<div class=\"uk-margin\">\n\t<p><span class=\"wpcf7-form-control-wrap\" data-name=\"acceptance-379\"><span class=\"wpcf7-form-control wpcf7-acceptance optional\"><span class=\"wpcf7-list-item\"><label><input type=\"checkbox\" name=\"acceptance-379\" value=\"1\" checked=\"checked\" class=\"uk-checkbox\" aria-invalid=\"false\" \/><span class=\"wpcf7-list-item-label\">Gostaria de me cadastrar como apoiador e receber atualiza\u00e7\u00f5es sobre nossas a\u00e7\u00f5es<\/span><\/label><\/span><\/span><\/span>\n\t<\/p>\n<\/div>\n<div class=\"uk-margin uk-text-center@s uk-text-right@m\">\n\t<p><input class=\"wpcf7-form-control wpcf7-submit has-spinner uk-button uk-button-secondary\" type=\"submit\" value=\"Enviar\" \/>\n\t<\/p>\n<\/div><div class=\"wpcf7-response-output\" aria-hidden=\"true\"><\/div>\n<\/form>\n<\/div>\n\n<\/div>\n<p><!--more--><br \/>\n<!-- {\"type\":\"layout\",\"children\":[{\"type\":\"section\",\"props\":{\"animation\":\"fade\",\"animation_delay\":\"200\",\"image_position\":\"center-center\",\"padding_remove_top\":true,\"style\":\"default\",\"title_breakpoint\":\"xl\",\"title_position\":\"top-left\",\"title_rotation\":\"left\",\"vertical_align\":\"middle\",\"width\":\"default\"},\"children\":[{\"type\":\"row\",\"children\":[{\"type\":\"column\",\"props\":{\"image_position\":\"center-center\",\"media_overlay_gradient\":\"\",\"position_sticky_breakpoint\":\"m\"},\"children\":[{\"type\":\"headline\",\"props\":{\"class\":\"uk-text-uppercase\",\"text_align\":\"left\",\"title_color\":\"success\",\"title_element\":\"h1\",\"title_style\":\"h1\"},\"name\":\"headline-pages\",\"source\":{\"query\":{\"name\":\"pages.singlePage\"},\"props\":{\"content\":{\"filters\":{\"search\":\"\"},\"name\":\"title\"}}}}]}]},{\"type\":\"row\",\"children\":[{\"type\":\"column\",\"props\":{\"image_position\":\"center-center\",\"media_overlay_gradient\":\"\",\"position_sticky_breakpoint\":\"m\"},\"children\":[{\"type\":\"headline\",\"props\":{\"class\":\"uk-text-uppercase\",\"content\":\"Convite aberto\",\"margin_remove_bottom\":true,\"title_color\":\"success\",\"title_element\":\"h4\"}},{\"type\":\"text\",\"props\":{\"class\":\"color-black\",\"column_breakpoint\":\"m\",\"content\":\"\n\n<p><span>Este \\u00e9 um convite aberto a todas as organiza\\u00e7\\u00f5es e indiv\\u00edduos que partilham a mesma vis\\u00e3o que n\\u00f3s para que nos contactarem para discutir poss\\u00edveis formas de colabora\\u00e7\\u00e3o. As seguintes categorias de membros est\\u00e3o abertas:<\\\/span><\\\/p>\\n\n\n<ul>\\n\n\n<li aria-level=\\\"1\\\"><span>Pontos Focais Nacionais<\\\/span><\\\/li>\\n\n\n<li aria-level=\\\"1\\\"><span>Organiza\\u00e7\\u00f5es ativas na forma\\u00e7\\u00e3o e investiga\\u00e7\\u00e3o com professores (por exemplo, universidades, escolas, centros de forma\\u00e7\\u00e3o de professores)<\\\/span><\\\/li>\\n\n\n<li aria-level=\\\"1\\\"><span>Professores e investigadores individuais<\\\/span><\\\/li>\\n<\\\/ul>\",\"margin\":\"default\",\"margin_remove_top\":true}}]}]},{\"type\":\"row\",\"children\":[{\"type\":\"column\",\"props\":{\"image_position\":\"center-center\",\"media_overlay_gradient\":\"\",\"position_sticky_breakpoint\":\"m\"},\"children\":[{\"type\":\"headline\",\"props\":{\"class\":\"uk-text-uppercase\",\"content\":\"Benef\\u00edcios para os professores\",\"margin_remove_bottom\":true,\"title_color\":\"success\",\"title_element\":\"h4\"}},{\"type\":\"text\",\"props\":{\"class\":\"color-black\",\"column_breakpoint\":\"m\",\"content\":\"\n\n<p><span>Os benef\\u00edcios para os professores que participam no Observat\\u00f3rio do Bem-estar e da Carreira dos Professores incluem:<br \\\/><\\\/span><\\\/p>\",\"margin\":\"default\",\"margin_remove_top\":true}},{\"type\":\"grid\",\"props\":{\"class\":\"h3grid grid-join-c\",\"content_column_breakpoint\":\"m\",\"filter_align\":\"left\",\"filter_all\":true,\"filter_grid_breakpoint\":\"m\",\"filter_grid_width\":\"auto\",\"filter_position\":\"top\",\"filter_style\":\"tab\",\"grid_default\":\"1\",\"grid_medium\":\"2\",\"grid_small\":\"1\",\"icon_width\":80,\"image_align\":\"top\",\"image_grid_breakpoint\":\"m\",\"image_grid_width\":\"1-2\",\"image_svg_color\":\"emphasis\",\"item_animation\":true,\"link_style\":\"default\",\"link_text\":\"Read more\",\"margin\":\"default\",\"meta_align\":\"below-title\",\"meta_element\":\"div\",\"meta_style\":\"text-meta\",\"show_content\":true,\"show_image\":true,\"show_link\":true,\"show_meta\":true,\"show_title\":true,\"text_align\":\"center\",\"title_align\":\"top\",\"title_element\":\"h3\",\"title_grid_breakpoint\":\"m\",\"title_grid_width\":\"1-2\",\"title_hover_style\":\"reset\"},\"children\":[{\"type\":\"grid_item\",\"props\":{\"content\":\"\n\n<p>Adquirir uma compreens\\u00e3o fundamental do que constitui o bem-estar e como este afecta as suas vidas. <\\\/p>\",\"image\":\"wp-content\\\/uploads\\\/2023\\\/10\\\/join11.png\"}},{\"type\":\"grid_item\",\"props\":{\"content\":\"\n\n<p>Promover iniciativas e pr\\u00e1ticas que melhorem o bem-estar e a satisfa\\u00e7\\u00e3o profissional dos professores.<\\\/p>\",\"image\":\"wp-content\\\/uploads\\\/2023\\\/10\\\/join12.png\",\"title\":\"\"}},{\"type\":\"grid_item\",\"props\":{\"content\":\"\n\n<p>Adquirir conhecimentos e compet\\u00eancias espec\\u00edficas para fornecer instru\\u00e7\\u00f5es eficazes sobre compet\\u00eancias sociais. <\\\/p>\",\"image\":\"wp-content\\\/uploads\\\/2023\\\/10\\\/join13.png\"}},{\"type\":\"grid_item\",\"props\":{\"content\":\"\n\n<p>Influenciar pol\\u00edticas para o desenvolvimento e melhoria do bem-estar e desenvolvimento profissional dos professores. <\\\/p>\",\"image\":\"wp-content\\\/uploads\\\/2023\\\/10\\\/join14.png\"}},{\"type\":\"grid_item\",\"props\":{\"content\":\"\n\n<p>Influencing policies for the development and improvement of teacher wellbeing and professional development. <\\\/p>\",\"image\":\"wp-content\\\/uploads\\\/2023\\\/10\\\/join15.png\",\"status\":\"disabled\"}}],\"name\":\"grid vmp\"},{\"type\":\"text\",\"props\":{\"class\":\"color-black\",\"column_breakpoint\":\"m\",\"content\":\"\n\n<p><span>Se quiser registar-se como apoiante e receber actualiza\\u00e7\\u00f5es sobre as nossas ac\\u00e7\\u00f5es, <a style=\\\"color: #f8a65d;\\\" target=\\\"_blank\\\" href=\\\"#comingsoon\\\" rel=\\\"noopener\\\">clique aqui.<\\\/a><br \\\/><\\\/span><\\\/p>\",\"margin\":\"default\",\"margin_remove_top\":true}}]}]}],\"name\":\"hahah]\"},{\"type\":\"section\",\"props\":{\"class\":\"bg-green\",\"image_position\":\"center-center\",\"style\":\"default\",\"title_breakpoint\":\"xl\",\"title_position\":\"top-left\",\"title_rotation\":\"left\",\"vertical_align\":\"middle\",\"width\":\"default\"},\"children\":[{\"type\":\"row\",\"children\":[{\"type\":\"column\",\"props\":{\"image_position\":\"center-center\",\"media_overlay_gradient\":\"\",\"position_sticky_breakpoint\":\"m\"},\"children\":[{\"type\":\"headline\",\"props\":{\"class\":\"uk-text-uppercase\",\"content\":\"Porqu\\u00ea aderir a esta iniciativa?\",\"margin_remove_bottom\":true,\"text_align\":\"left\",\"title_color\":\"success\",\"title_element\":\"h4\"}},{\"type\":\"text\",\"props\":{\"class\":\"color-black\",\"column_breakpoint\":\"m\",\"content\":\"\n\n<p>\\u00c0 medida que a rede do Observat\\u00f3rio cresce, estamos constantemente \\u00e0 procura da ades\\u00e3o de novos pa\\u00edses e membros. As organiza\\u00e7\\u00f5es e indiv\\u00edduos t\\u00eam muitas vantagens em aderir a esta iniciativa: <\\\/p>\",\"margin\":\"default\",\"margin_remove_top\":true}},{\"type\":\"grid\",\"props\":{\"class\":\"h3grid grid-join-c grid-join-c2\",\"content_column_breakpoint\":\"m\",\"filter_align\":\"left\",\"filter_all\":true,\"filter_grid_breakpoint\":\"m\",\"filter_grid_width\":\"auto\",\"filter_position\":\"top\",\"filter_style\":\"tab\",\"grid_default\":\"1\",\"grid_medium\":\"3\",\"grid_small\":\"1\",\"icon_width\":80,\"image_align\":\"top\",\"image_grid_breakpoint\":\"m\",\"image_grid_width\":\"1-2\",\"image_svg_color\":\"emphasis\",\"item_animation\":true,\"link_style\":\"default\",\"link_text\":\"Read more\",\"margin\":\"default\",\"meta_align\":\"below-title\",\"meta_element\":\"div\",\"meta_style\":\"text-meta\",\"show_content\":true,\"show_image\":true,\"show_link\":true,\"show_meta\":true,\"show_title\":true,\"text_align\":\"center\",\"title_align\":\"top\",\"title_element\":\"h3\",\"title_grid_breakpoint\":\"m\",\"title_grid_width\":\"1-2\",\"title_hover_style\":\"reset\"},\"children\":[{\"type\":\"grid_item\",\"props\":{\"content\":\"\n\n<p>Amplas oportunidades para a cria\\u00e7\\u00e3o de redes, permitindo-lhe estabelecer contactos com institui\\u00e7\\u00f5es de investiga\\u00e7\\u00e3o de toda a Europa e promover colabora\\u00e7\\u00f5es.<\\\/p>\",\"image\":\"wp-content\\\/uploads\\\/2023\\\/10\\\/join21.png\"}},{\"type\":\"grid_item\",\"props\":{\"content\":\"\n\n<p>Colabora\\u00e7\\u00e3o em futuras oportunidades de financiamento, o que permitir\\u00e1 \\u00e0 sua organiza\\u00e7\\u00e3o aceder a recursos adicionais para investiga\\u00e7\\u00e3o e implementa\\u00e7\\u00e3o.<\\\/p>\",\"image\":\"wp-content\\\/uploads\\\/2023\\\/10\\\/join22.png\",\"title\":\"\"}},{\"type\":\"grid_item\",\"props\":{\"content\":\"\n\n<p>Envolver-se em programas de investiga\\u00e7\\u00e3o colaborativa e de refor\\u00e7o de capacidades com v\\u00e1rias oportunidades de forma\\u00e7\\u00e3o para investigadores, escolas, professores e pessoal escolar. <\\\/p>\",\"image\":\"wp-content\\\/uploads\\\/2023\\\/10\\\/join23.png\"}},{\"type\":\"grid_item\",\"props\":{\"content\":\"\n\n<p>Existir\\u00e3o v\\u00e1rias oportunidades para publica\\u00e7\\u00f5es e apresenta\\u00e7\\u00f5es em confer\\u00eancias, ajudando a mostrar o trabalho e a experi\\u00eancia da sua organiza\\u00e7\\u00e3o.<\\\/p>\",\"image\":\"wp-content\\\/uploads\\\/2023\\\/10\\\/join24.png\"}},{\"type\":\"grid_item\",\"props\":{\"content\":\"\n\n<p>Atrav\\u00e9s da consulta e da participa\\u00e7\\u00e3o em reformas pol\\u00edticas nacionais, a sua organiza\\u00e7\\u00e3o pode contribuir ativamente para moldar o panorama educativo.<\\\/p>\",\"image\":\"wp-content\\\/uploads\\\/2023\\\/10\\\/join25.png\"}},{\"type\":\"grid_item\",\"props\":{\"content\":\"\n\n<p>Ao aderir, estar\\u00e1 a contribuir, significativamente, para a melhoria da profiss\\u00e3o docente e para a qualidade geral da educa\\u00e7\\u00e3o.<\\\/p>\",\"image\":\"wp-content\\\/uploads\\\/2023\\\/10\\\/join26.png\"}},{\"type\":\"grid_item\",\"props\":{\"content\":\"\n\n<p>Se preencher os crit\\u00e9rios para se assumir como um ponto focal nacional (ver sec\\u00e7\\u00e3o seguinte), poder\\u00e1, dessa forma, contribuir para o bem-estar dos professores na Europa, desempenhando um papel crucial na defini\\u00e7\\u00e3o de debates e iniciativas.<\\\/p>\",\"image\":\"wp-content\\\/uploads\\\/2023\\\/12\\\/lasticon.png\"}}],\"name\":\"grid vmp\"}]}]}]},{\"type\":\"section\",\"props\":{\"image\":\"wp-content\\\/uploads\\\/2023\\\/10\\\/form-bg.svg\",\"image_position\":\"center-center\",\"style\":\"default\",\"title_breakpoint\":\"xl\",\"title_position\":\"top-left\",\"title_rotation\":\"left\",\"vertical_align\":\"middle\",\"width\":\"default\"},\"children\":[{\"type\":\"row\",\"props\":{\"layout\":\"1-3,2-3\"},\"children\":[{\"type\":\"column\",\"props\":{\"image_position\":\"center-center\",\"media_overlay_gradient\":\"\",\"position_sticky_breakpoint\":\"m\",\"vertical_align\":\"middle\",\"width_medium\":\"1-3\"},\"children\":[{\"type\":\"image\",\"props\":{\"image\":\"wp-content\\\/uploads\\\/2023\\\/10\\\/form-img.png\",\"image_svg_color\":\"emphasis\",\"margin\":\"default\"}}]},{\"type\":\"column\",\"props\":{\"image_position\":\"center-center\",\"media_overlay_gradient\":\"\",\"position_sticky_breakpoint\":\"m\",\"width_medium\":\"2-3\"},\"children\":[{\"type\":\"text\",\"props\":{\"class\":\"form-join\",\"column_breakpoint\":\"m\",\"content\":\"\n\n<p>[contact-form-7 id=\\\"8\\\" title=\\\"Contact form EN\\\"]<\\\/p>\",\"margin\":\"default\"}}]}]}]}],\"version\":\"3.0.20\"} --><\/p>\n","protected":false},"excerpt":{"rendered":"<p>Convite aberto Este \u00e9 um convite aberto a todas as organiza\u00e7\u00f5es e indiv\u00edduos que partilham a mesma vis\u00e3o que n\u00f3s para que nos contactarem para..<\/p>\n","protected":false},"author":1,"featured_media":0,"parent":0,"menu_order":0,"comment_status":"closed","ping_status":"closed","template":"","meta":{"_acf_changed":false,"inline_featured_image":false,"footnotes":""},"class_list":["post-1986","page","type-page","status-publish","hentry"],"acf":[],"_links":{"self":[{"href":"https:\/\/twco.prowproject.eu\/pt-pt\/wp-json\/wp\/v2\/pages\/1986","targetHints":{"allow":["GET"]}}],"collection":[{"href":"https:\/\/twco.prowproject.eu\/pt-pt\/wp-json\/wp\/v2\/pages"}],"about":[{"href":"https:\/\/twco.prowproject.eu\/pt-pt\/wp-json\/wp\/v2\/types\/page"}],"author":[{"embeddable":true,"href":"https:\/\/twco.prowproject.eu\/pt-pt\/wp-json\/wp\/v2\/users\/1"}],"replies":[{"embeddable":true,"href":"https:\/\/twco.prowproject.eu\/pt-pt\/wp-json\/wp\/v2\/comments?post=1986"}],"version-history":[{"count":7,"href":"https:\/\/twco.prowproject.eu\/pt-pt\/wp-json\/wp\/v2\/pages\/1986\/revisions"}],"predecessor-version":[{"id":2064,"href":"https:\/\/twco.prowproject.eu\/pt-pt\/wp-json\/wp\/v2\/pages\/1986\/revisions\/2064"}],"wp:attachment":[{"href":"https:\/\/twco.prowproject.eu\/pt-pt\/wp-json\/wp\/v2\/media?parent=1986"}],"curies":[{"name":"wp","href":"https:\/\/api.w.org\/{rel}","templated":true}]}}