{"id":1975,"date":"2022-02-24T14:11:37","date_gmt":"2022-02-24T14:11:37","guid":{"rendered":"https:\/\/twco.prowproject.eu\/home\/"},"modified":"2024-01-19T12:03:05","modified_gmt":"2024-01-19T12:03:05","slug":"home","status":"publish","type":"page","link":"https:\/\/twco.prowproject.eu\/ro\/","title":{"rendered":"Acas\u0103"},"content":{"rendered":"<ul>\n<li>\n<h3>Participa\u021bi la sondajul Observatorul de bun\u0103stare \u0219i carier\u0103 a cadrelor didactice 2023<\/h3>\n<div>\n<p><span>Acest sondaj se bazeaz\u0103 pe indicele validat al bun\u0103st\u0103rii \u0219i carierei cadrelor didactice \u0219i are ca scop s\u0103 contribuie la cercetarea \u0219i dezvoltarea continu\u0103 a politicilor privind cariera \u0219i dezvoltarea profesional\u0103 a cadrelor didactice.<\/span><\/p>\n<\/div>\n<p><a href=\"https:\/\/www.surveymonkey.com\/r\/TWCO?lang=ro\">Participa\u021bi la sondajul 2023 <\/a><\/p>\n<\/li>\n<li>\n<h3>Domenii-cheie<\/h3>\n<div>\n<p><span>Afla\u021bi mai multe despre domeniile cheie pe care le supravegheaz\u0103 Observatorul pentru bun\u0103starea \u0219i cariera cadrelor didactice, citi\u021bi cele mai recente rezultate din \u021bara dumneavoastr\u0103, precum \u0219i agenda sa de cercetare politic\u0103.<\/span><\/p>\n<\/div>\n<p><a href=\"\/ro\/policy-research-agenda\/\">Citi\u021bi Agenda de cercetare politic\u0103 <\/a><\/p>\n<\/li>\n<li>\n<h3>Al\u0103tura\u021bi-v\u0103 re\u021belei<\/h3>\n<div>\n<p><span>Al\u0103tura\u021bi-v\u0103 ca organiza\u021bie \u0219i ac\u021biona\u021bi ca punct focal na\u021bional pentru Observatorul pentru bun\u0103starea \u0219i cariera cadrelor didactice \u00een Europa!<\/span><\/p>\n<p><span>\u00a0<\/span><\/p>\n<\/div>\n<p><a href=\"\/ro\/join-us\/\">Al\u0103tura\u021bi-v\u0103 re\u021belei <\/a><\/p>\n<\/li>\n<\/ul>\n<p><img decoding=\"async\" src=\"\/wp-content\/uploads\/2023\/10\/bgleft.svg\" alt=\"\"><br \/>\n<img decoding=\"async\" src=\"\/wp-content\/uploads\/2023\/10\/bgbc.svg\" alt=\"\"><\/p>\n<h3>Bine a\u021bi venit la Observatorul pentru bun\u0103starea \u0219i cariera profesorilor! Suntem dedica\u021bi promov\u0103rii \u0219i ap\u0103r\u0103rii importan\u021bei bun\u0103st\u0103rii \u0219i evolu\u021biei \u00een carier\u0103 a cadrelor didactice \u00een \u00eentreaga Europ\u0103.<\/h3>\n<p><img decoding=\"async\" src=\"\/wp-content\/uploads\/2023\/10\/scroll.svg\" alt=\"\"><\/p>\n<h1>DESPRE<\/h1>\n<div>Prin colabor\u0103ri str\u00e2nse cu organiza\u021bii de cadre didactice, autorit\u0103\u021bi publice, organiza\u021bii de cercetare \u0219i p\u0103r\u021bi interesate cheie din \u00eentreaga Europ\u0103, ne propunem s\u0103 promov\u0103m bun\u0103starea \u0219i avansarea \u00een carier\u0103 a cadrelor didactice prin efectuarea de cercet\u0103ri, facilitarea de discu\u021bii deschise \u0219i elaborarea de recomand\u0103ri privind politicile \u0219i practicile.\n<\/div>\n<div>Observatorul de bun\u0103stare \u0219i carier\u0103 a cadrelor didactice face parte din pachetul de lucru privind dezvoltarea \u0219i scalabilitatea politicilor din cadrul proiectului &#8222;Promovarea st\u0103rii de bine profesorilor prin sus\u021binerea comportamentului pozitiv \u00een educa\u021bia timpurie&#8221; (ProW) [Num\u0103r de proiect: 626146-EPP-1-2020-2-EL-EPPKA3-PI-POLICY].<\/div>\n<p><img decoding=\"async\" src=\"\/wp-content\/uploads\/2023\/12\/prow-white.png\" alt=\"\"><\/p>\n<ul>\n<li>\n<p>        <img decoding=\"async\" src=\"\/wp-content\/uploads\/2023\/10\/vision_1.svg\" alt=\"\"><\/p>\n<div>Sisteme educa\u021bionale de \u00eenalt\u0103 calitate \u00een \u00eentreaga Uniune European\u0103, \u00een cadrul c\u0103rora profesorii sunt respecta\u021bi \u0219i evolueaz\u0103.\n<\/div>\n<\/li>\n<li>\n<p>        <img decoding=\"async\" src=\"\/wp-content\/uploads\/2023\/10\/mission_1.svg\" alt=\"\"><\/p>\n<div>Misiunea noastr\u0103 este de a efectua cercet\u0103ri \u0219i de a oferi recomand\u0103ri de politici \u0219i practici pentru abilitarea profesiei didactice, implic\u00e2nd toate p\u0103r\u021bile cheie interesate \u00een educa\u021bie.\n<\/div>\n<\/li>\n<li>\n<p>        <img decoding=\"async\" src=\"\/wp-content\/uploads\/2023\/10\/purpose.svg\" alt=\"\"><\/p>\n<div>\u00cempreun\u0103 putem realiza un impact sistemic pe termen lung, \u00eembun\u0103t\u0103\u021bind cariera \u0219i bun\u0103starea profesorilor \u0219i, \u00een acela\u0219i timp, calitatea educa\u021biei oferite \u00een \u00eentreaga Uniune European\u0103. Ne propunem s\u0103 oferim o platform\u0103 pentru cercetarea continu\u0103 \u0219i s\u0103 gener\u0103m recomand\u0103ri de politici \u0219i practici care s\u0103 \u00eemputerniceasc\u0103 \u0219i s\u0103 sprijine profesia didactic\u0103. Credem c\u0103 investi\u021bia \u00een bun\u0103starea \u0219i dezvoltarea carierei profesorilor va avea un impact pozitiv de lung\u0103 durat\u0103 asupra sistemelor de \u00eenv\u0103\u021b\u0103m\u00e2nt.\n<\/div>\n<\/li>\n<\/ul>\n<p>\n    <a href=\"\/ro\/about\/\">Cite\u015fte mai mult<\/a>\n<\/p>\n<div>\n<p>        <img decoding=\"async\" src=\"\/wp-content\/uploads\/2023\/10\/about.svg\" alt=\"\"><\/p>\n<h1>Index \u0219i m\u0103sur\u0103tori<\/h1>\n<div>\n<p><span>Programul nostru de cercetare se bazeaz\u0103 pe patru domenii principale:<\/span><\/p>\n<ul>\n<li aria-level=\"1\"><span>Bun\u0103starea profesorilor<\/span><\/li>\n<li aria-level=\"1\"><span>Preg\u0103tirea profesional\u0103 a profesorilor<\/span><\/li>\n<li aria-level=\"1\"><span>Progresul \u00een carier\u0103<\/span><\/li>\n<li aria-level=\"1\"><span>Factori sistemici<\/span><\/li>\n<\/ul>\n<\/div>\n<p><a href=\"\/ro\/policy-research-agenda\/\">Cite\u015fte mai mult<\/a><\/p>\n<\/div>\n<div>\n<p>        <img decoding=\"async\" src=\"\/wp-content\/uploads\/2023\/10\/join.svg\" alt=\"\"><\/p>\n<h1>Al\u0103tura\u021bi-v\u0103 nou\u0103<\/h1>\n<div>\n<p><span><\/span><span>Acesta este un apel deschis pentru toate organiza\u021biile \u0219i persoanele care \u00eemp\u0103rt\u0103\u0219esc aceea\u0219i viziune cu noi pentru a ne contacta \u00een vederea stabilirii modalit\u0103\u021bilor \u00een care am putem colabora.<\/span><\/p>\n<\/div>\n<p><a href=\"\/ro\/join-us\/\">Cite\u015fte mai mult<\/a><\/p>\n<\/div>\n<p><!--more--><br \/>\n<!-- {\"type\":\"layout\",\"children\":[{\"type\":\"section\",\"props\":{\"animation\":\"fade\",\"animation_delay\":\"200\",\"css\":\".el-section\\n{\\n    position:relative;\\n}\",\"image\":\"wp-content\\\/uploads\\\/2023\\\/12\\\/Asset-1.png\",\"image_position\":\"center-center\",\"style\":\"default\",\"title_breakpoint\":\"xl\",\"title_position\":\"top-left\",\"title_rotation\":\"left\",\"vertical_align\":\"middle\",\"width\":\"default\"},\"children\":[{\"type\":\"row\",\"children\":[{\"type\":\"column\",\"props\":{\"image_position\":\"center-center\",\"media_overlay_gradient\":\"\",\"position_sticky_breakpoint\":\"m\",\"width_medium\":\"\"},\"children\":[{\"type\":\"panel-slider\",\"props\":{\"class\":\"phomes\",\"content_column_breakpoint\":\"m\",\"icon_width\":80,\"image_align\":\"top\",\"image_grid_breakpoint\":\"m\",\"image_grid_width\":\"1-2\",\"image_svg_color\":\"emphasis\",\"link_style\":\"default\",\"link_target\":true,\"link_text\":\"Read more\",\"margin\":\"default\",\"maxwidth\":\"large\",\"meta_align\":\"below-title\",\"meta_element\":\"div\",\"meta_style\":\"text-meta\",\"nav\":\"dotnav\",\"nav_align\":\"center\",\"nav_breakpoint\":\"s\",\"panel_card_match\":true,\"position\":\"relative\",\"position_z_index\":\"3\",\"show_content\":true,\"show_image\":true,\"show_link\":true,\"show_meta\":true,\"show_title\":true,\"slidenav\":\"\",\"slidenav_breakpoint\":\"xl\",\"slidenav_margin\":\"medium\",\"slidenav_outside_breakpoint\":\"xl\",\"slider_autoplay\":true,\"slider_autoplay_interval\":\"5\",\"slider_autoplay_pause\":true,\"slider_gap\":\"default\",\"slider_width\":\"fixed\",\"slider_width_default\":\"1-1\",\"slider_width_large\":\"1-1\",\"slider_width_medium\":\"1-1\",\"slider_width_small\":\"1-1\",\"slider_width_xlarge\":\"1-1\",\"title_align\":\"top\",\"title_element\":\"h3\",\"title_grid_breakpoint\":\"m\",\"title_grid_width\":\"1-2\",\"title_hover_style\":\"reset\"},\"children\":[{\"type\":\"panel-slider_item\",\"props\":{\"content\":\"\n\n<p><span>Acest sondaj se bazeaz\\u0103 pe indicele validat al bun\\u0103st\\u0103rii \\u0219i carierei cadrelor didactice \\u0219i are ca scop s\\u0103 contribuie la cercetarea \\u0219i dezvoltarea continu\\u0103 a politicilor privind cariera \\u0219i dezvoltarea profesional\\u0103 a cadrelor didactice.<\\\/span><\\\/p>\",\"link\":\"https:\\\/\\\/www.surveymonkey.com\\\/r\\\/TWCO?lang=ro\",\"link_text\":\"Participa\\u021bi la sondajul 2023 \",\"title\":\"Participa\\u021bi la sondajul Observatorul de bun\\u0103stare \\u0219i carier\\u0103 a cadrelor didactice 2023\"}},{\"type\":\"panel-slider_item\",\"props\":{\"content\":\"\n\n<p><span>Afla\\u021bi mai multe despre domeniile cheie pe care le supravegheaz\\u0103 Observatorul pentru bun\\u0103starea \\u0219i cariera cadrelor didactice, citi\\u021bi cele mai recente rezultate din \\u021bara dumneavoastr\\u0103, precum \\u0219i agenda sa de cercetare politic\\u0103.<\\\/span><\\\/p>\",\"link\":\"ro\\\/policy-research-agenda\\\/\",\"link_text\":\"Citi\\u021bi Agenda de cercetare politic\\u0103 \",\"title\":\"Domenii-cheie\"}},{\"type\":\"panel-slider_item\",\"props\":{\"content\":\"\n\n<p><span>Al\\u0103tura\\u021bi-v\\u0103 ca organiza\\u021bie \\u0219i ac\\u021biona\\u021bi ca punct focal na\\u021bional pentru Observatorul pentru bun\\u0103starea \\u0219i cariera cadrelor didactice \\u00een Europa!<\\\/span><\\\/p>\\n\n\n<p><span>\\u00a0<\\\/span><\\\/p>\",\"link\":\"ro\\\/join-us\\\/\",\"link_text\":\"Al\\u0103tura\\u021bi-v\\u0103 re\\u021belei \",\"title\":\"Al\\u0103tura\\u021bi-v\\u0103 re\\u021belei\"}}]},{\"type\":\"image\",\"props\":{\"class\":\"hbgl\",\"image\":\"wp-content\\\/uploads\\\/2023\\\/10\\\/bgleft.svg\",\"image_svg_color\":\"emphasis\",\"margin\":\"default\"}},{\"type\":\"image\",\"props\":{\"class\":\"hbgcb\",\"image\":\"wp-content\\\/uploads\\\/2023\\\/10\\\/bgbc.svg\",\"image_svg_color\":\"emphasis\",\"margin\":\"default\"}}]}]}]},{\"type\":\"section\",\"props\":{\"animation\":\"fade\",\"animation_delay\":\"200\",\"class\":\"h2s\",\"css\":\".el-section{\\n    position:relative;}\",\"image\":\"wp-content\\\/uploads\\\/2023\\\/10\\\/Layer-11.svg\",\"image_position\":\"center-center\",\"style\":\"default\",\"title_breakpoint\":\"xl\",\"title_position\":\"top-left\",\"title_rotation\":\"left\",\"vertical_align\":\"middle\",\"width\":\"default\"},\"children\":[{\"type\":\"row\",\"children\":[{\"type\":\"column\",\"props\":{\"image_position\":\"center-center\",\"media_overlay_gradient\":\"\",\"position_sticky_breakpoint\":\"m\"},\"children\":[{\"type\":\"headline\",\"props\":{\"block_align\":\"center\",\"class\":\"h2h\",\"content\":\"Bine a\\u021bi venit la Observatorul pentru bun\\u0103starea \\u0219i cariera profesorilor! Suntem dedica\\u021bi promov\\u0103rii \\u0219i ap\\u0103r\\u0103rii importan\\u021bei bun\\u0103st\\u0103rii \\u0219i evolu\\u021biei \\u00een carier\\u0103 a cadrelor didactice \\u00een \\u00eentreaga Europ\\u0103.\",\"maxwidth\":\"xlarge\",\"text_align\":\"center\",\"title_element\":\"h3\",\"title_style\":\"h3\"}},{\"type\":\"image\",\"props\":{\"class\":\"scroll-icn\",\"image\":\"wp-content\\\/uploads\\\/2023\\\/10\\\/scroll.svg\",\"image_svg_color\":\"emphasis\",\"margin\":\"default\",\"text_align\":\"center\"}}]}]}],\"name\":\"h2\"},{\"type\":\"section\",\"props\":{\"animation\":\"fade\",\"animation_delay\":\"200\",\"class\":\"h3s\",\"css\":\".el-section{\\n    background-color:#33A666;\\n}\",\"image_position\":\"center-center\",\"style\":\"default\",\"title_breakpoint\":\"xl\",\"title_position\":\"top-left\",\"title_rotation\":\"left\",\"vertical_align\":\"middle\",\"width\":\"default\"},\"children\":[{\"type\":\"row\",\"children\":[{\"type\":\"column\",\"props\":{\"image_position\":\"center-center\",\"media_overlay_gradient\":\"\",\"position_sticky_breakpoint\":\"m\"},\"children\":[{\"type\":\"headline\",\"props\":{\"content\":\"DESPRE\",\"css\":\".el-element{\\n    color:#005044;}\",\"text_align\":\"center\",\"title_element\":\"h1\"}},{\"type\":\"text\",\"props\":{\"class\":\"color-black\",\"column_breakpoint\":\"m\",\"content\":\"Prin colabor\\u0103ri str\\u00e2nse cu organiza\\u021bii de cadre didactice, autorit\\u0103\\u021bi publice, organiza\\u021bii de cercetare \\u0219i p\\u0103r\\u021bi interesate cheie din \\u00eentreaga Europ\\u0103, ne propunem s\\u0103 promov\\u0103m bun\\u0103starea \\u0219i avansarea \\u00een carier\\u0103 a cadrelor didactice prin efectuarea de cercet\\u0103ri, facilitarea de discu\\u021bii deschise \\u0219i elaborarea de recomand\\u0103ri privind politicile \\u0219i practicile.\\n\",\"margin\":\"default\"}}]}]},{\"type\":\"row\",\"props\":{\"layout\":\"3-4,1-4\"},\"children\":[{\"type\":\"column\",\"props\":{\"image_position\":\"center-center\",\"media_overlay_gradient\":\"\",\"position_sticky_breakpoint\":\"m\",\"width_medium\":\"3-4\"},\"children\":[{\"type\":\"text\",\"props\":{\"class\":\"color-black\",\"column_breakpoint\":\"m\",\"content\":\"Observatorul de bun\\u0103stare \\u0219i carier\\u0103 a cadrelor didactice face parte din pachetul de lucru privind dezvoltarea \\u0219i scalabilitatea politicilor din cadrul proiectului \\\"Promovarea st\\u0103rii de bine profesorilor prin sus\\u021binerea comportamentului pozitiv \\u00een educa\\u021bia timpurie\\\" (ProW) [Num\\u0103r de proiect: 626146-EPP-1-2020-2-EL-EPPKA3-PI-POLICY].\",\"margin\":\"default\"}}]},{\"type\":\"column\",\"props\":{\"image_position\":\"center-center\",\"media_overlay_gradient\":\"\",\"position_sticky_breakpoint\":\"m\",\"width_medium\":\"1-4\"},\"children\":[{\"type\":\"image\",\"props\":{\"image\":\"wp-content\\\/uploads\\\/2023\\\/12\\\/prow-white.png\",\"image_svg_color\":\"emphasis\",\"margin\":\"default\",\"text_align\":\"center\"}}]}]},{\"type\":\"row\",\"children\":[{\"type\":\"column\",\"props\":{\"image_position\":\"center-center\",\"media_overlay_gradient\":\"\",\"position_sticky_breakpoint\":\"m\"},\"children\":[{\"type\":\"grid\",\"props\":{\"class\":\"h3grid\",\"content_column_breakpoint\":\"m\",\"filter_align\":\"left\",\"filter_all\":true,\"filter_grid_breakpoint\":\"m\",\"filter_grid_width\":\"auto\",\"filter_position\":\"top\",\"filter_style\":\"tab\",\"grid_default\":\"1\",\"grid_medium\":\"3\",\"grid_small\":\"1\",\"icon_width\":80,\"image_align\":\"top\",\"image_grid_breakpoint\":\"m\",\"image_grid_width\":\"1-2\",\"image_svg_color\":\"emphasis\",\"item_animation\":true,\"link_style\":\"default\",\"link_text\":\"Read more\",\"margin\":\"default\",\"meta_align\":\"below-title\",\"meta_element\":\"div\",\"meta_style\":\"text-meta\",\"show_content\":true,\"show_image\":true,\"show_link\":true,\"show_meta\":true,\"show_title\":true,\"text_align\":\"center\",\"title_align\":\"top\",\"title_element\":\"h3\",\"title_grid_breakpoint\":\"m\",\"title_grid_width\":\"1-2\",\"title_hover_style\":\"reset\"},\"children\":[{\"type\":\"grid_item\",\"props\":{\"content\":\"Sisteme educa\\u021bionale de \\u00eenalt\\u0103 calitate \\u00een \\u00eentreaga Uniune European\\u0103, \\u00een cadrul c\\u0103rora profesorii sunt respecta\\u021bi \\u0219i evolueaz\\u0103.\\n\",\"image\":\"wp-content\\\/uploads\\\/2023\\\/10\\\/vision_1.svg\"}},{\"type\":\"grid_item\",\"props\":{\"content\":\"Misiunea noastr\\u0103 este de a efectua cercet\\u0103ri \\u0219i de a oferi recomand\\u0103ri de politici \\u0219i practici pentru abilitarea profesiei didactice, implic\\u00e2nd toate p\\u0103r\\u021bile cheie interesate \\u00een educa\\u021bie.\\n\",\"image\":\"wp-content\\\/uploads\\\/2023\\\/10\\\/mission_1.svg\"}},{\"type\":\"grid_item\",\"props\":{\"content\":\"\\u00cempreun\\u0103 putem realiza un impact sistemic pe termen lung, \\u00eembun\\u0103t\\u0103\\u021bind cariera \\u0219i bun\\u0103starea profesorilor \\u0219i, \\u00een acela\\u0219i timp, calitatea educa\\u021biei oferite \\u00een \\u00eentreaga Uniune European\\u0103. Ne propunem s\\u0103 oferim o platform\\u0103 pentru cercetarea continu\\u0103 \\u0219i s\\u0103 gener\\u0103m recomand\\u0103ri de politici \\u0219i practici care s\\u0103 \\u00eemputerniceasc\\u0103 \\u0219i s\\u0103 sprijine profesia didactic\\u0103. Credem c\\u0103 investi\\u021bia \\u00een bun\\u0103starea \\u0219i dezvoltarea carierei profesorilor va avea un impact pozitiv de lung\\u0103 durat\\u0103 asupra sistemelor de \\u00eenv\\u0103\\u021b\\u0103m\\u00e2nt.\\n\",\"image\":\"wp-content\\\/uploads\\\/2023\\\/10\\\/purpose.svg\"}}]},{\"type\":\"button\",\"props\":{\"grid_column_gap\":\"small\",\"grid_row_gap\":\"small\",\"margin\":\"default\",\"text_align\":\"center\"},\"children\":[{\"type\":\"button_item\",\"props\":{\"button_style\":\"secondary\",\"content\":\"Cite\\u015fte mai mult\",\"icon_align\":\"left\",\"link\":\"ro\\\/about\\\/\"}}]}]}]}],\"name\":\"h3\"},{\"type\":\"section\",\"props\":{\"animation\":\"fade\",\"animation_delay\":\"200\",\"image\":\"wp-content\\\/uploads\\\/2023\\\/12\\\/bg-green-patter-1.svg\",\"image_position\":\"center-center\",\"image_size\":\"cover\",\"style\":\"default\",\"title_breakpoint\":\"xl\",\"title_position\":\"top-left\",\"title_rotation\":\"left\",\"vertical_align\":\"middle\",\"width\":\"\"},\"children\":[{\"type\":\"row\",\"props\":{\"column_gap\":\"collapse\",\"layout\":\"1-2,1-2\",\"row_gap\":\"collapse\"},\"children\":[{\"type\":\"column\",\"props\":{\"image\":\"\",\"image_position\":\"center-center\",\"media_overlay_gradient\":\"\",\"position_sticky_breakpoint\":\"m\",\"width_medium\":\"1-2\"},\"children\":[{\"type\":\"panel\",\"props\":{\"block_align\":\"right\",\"class\":\"panelh3 panelh31\",\"content\":\"\n\n<p><span>Programul nostru de cercetare se bazeaz\\u0103 pe patru domenii principale:<\\\/span><\\\/p>\\n\n\n<ul>\\n\n\n<li aria-level=\\\"1\\\"><span>Bun\\u0103starea profesorilor<\\\/span><\\\/li>\\n\n\n<li aria-level=\\\"1\\\"><span>Preg\\u0103tirea profesional\\u0103 a profesorilor<\\\/span><\\\/li>\\n\n\n<li aria-level=\\\"1\\\"><span>Progresul \\u00een carier\\u0103<\\\/span><\\\/li>\\n\n\n<li aria-level=\\\"1\\\"><span>Factori sistemici<\\\/span><\\\/li>\\n<\\\/ul>\",\"content_column_breakpoint\":\"m\",\"icon_width\":80,\"image\":\"wp-content\\\/uploads\\\/2023\\\/10\\\/about.svg\",\"image_align\":\"top\",\"image_grid_breakpoint\":\"m\",\"image_grid_width\":\"1-2\",\"image_svg_color\":\"emphasis\",\"link\":\"ro\\\/policy-research-agenda\\\/\",\"link_style\":\"default\",\"link_text\":\"Cite\\u015fte mai mult\",\"margin\":\"default\",\"maxwidth\":\"xlarge\",\"meta_align\":\"below-title\",\"meta_element\":\"div\",\"meta_style\":\"text-meta\",\"text_align\":\"center\",\"text_align_breakpoint\":\"s\",\"text_align_fallback\":\"center\",\"title\":\"Index \\u0219i m\\u0103sur\\u0103tori\",\"title_align\":\"top\",\"title_element\":\"h1\",\"title_grid_breakpoint\":\"m\",\"title_grid_width\":\"1-2\",\"title_hover_style\":\"reset\"}}]},{\"type\":\"column\",\"props\":{\"image\":\"\",\"image_position\":\"center-center\",\"media_overlay_gradient\":\"\",\"position_sticky_breakpoint\":\"m\",\"width_medium\":\"1-2\"},\"children\":[{\"type\":\"panel\",\"props\":{\"class\":\"panelh3 panelh32\",\"content\":\"\n\n<p><span><\\\/span><span>Acesta este un apel deschis pentru toate organiza\\u021biile \\u0219i persoanele care \\u00eemp\\u0103rt\\u0103\\u0219esc aceea\\u0219i viziune cu noi pentru a ne contacta \\u00een vederea stabilirii modalit\\u0103\\u021bilor \\u00een care am putem colabora.<\\\/span><\\\/p>\",\"content_column_breakpoint\":\"m\",\"icon_width\":80,\"image\":\"wp-content\\\/uploads\\\/2023\\\/10\\\/join.svg\",\"image_align\":\"top\",\"image_grid_breakpoint\":\"m\",\"image_grid_width\":\"1-2\",\"image_svg_color\":\"emphasis\",\"link\":\"ro\\\/join-us\\\/\",\"link_style\":\"default\",\"link_text\":\"Cite\\u015fte mai mult\",\"margin\":\"default\",\"maxwidth\":\"xlarge\",\"meta_align\":\"below-title\",\"meta_element\":\"div\",\"meta_style\":\"text-meta\",\"text_align\":\"center\",\"text_align_breakpoint\":\"s\",\"text_align_fallback\":\"center\",\"title\":\"Al\\u0103tura\\u021bi-v\\u0103 nou\\u0103\",\"title_align\":\"top\",\"title_element\":\"h1\",\"title_grid_breakpoint\":\"m\",\"title_grid_width\":\"1-2\",\"title_hover_style\":\"reset\"}}]}]}]}],\"version\":\"3.0.20\"} --><\/p>\n","protected":false},"excerpt":{"rendered":"<p>Participa\u021bi la sondajul Observatorul de bun\u0103stare \u0219i carier\u0103 a cadrelor didactice 2023 Acest sondaj se bazeaz\u0103 pe indicele validat al bun\u0103st\u0103rii \u0219i carierei cadrelor didactice..<\/p>\n","protected":false},"author":1,"featured_media":0,"parent":0,"menu_order":0,"comment_status":"closed","ping_status":"closed","template":"","meta":{"_acf_changed":false,"inline_featured_image":false,"footnotes":""},"class_list":["post-1975","page","type-page","status-publish","hentry"],"acf":[],"_links":{"self":[{"href":"https:\/\/twco.prowproject.eu\/ro\/wp-json\/wp\/v2\/pages\/1975","targetHints":{"allow":["GET"]}}],"collection":[{"href":"https:\/\/twco.prowproject.eu\/ro\/wp-json\/wp\/v2\/pages"}],"about":[{"href":"https:\/\/twco.prowproject.eu\/ro\/wp-json\/wp\/v2\/types\/page"}],"author":[{"embeddable":true,"href":"https:\/\/twco.prowproject.eu\/ro\/wp-json\/wp\/v2\/users\/1"}],"replies":[{"embeddable":true,"href":"https:\/\/twco.prowproject.eu\/ro\/wp-json\/wp\/v2\/comments?post=1975"}],"version-history":[{"count":10,"href":"https:\/\/twco.prowproject.eu\/ro\/wp-json\/wp\/v2\/pages\/1975\/revisions"}],"predecessor-version":[{"id":2005,"href":"https:\/\/twco.prowproject.eu\/ro\/wp-json\/wp\/v2\/pages\/1975\/revisions\/2005"}],"wp:attachment":[{"href":"https:\/\/twco.prowproject.eu\/ro\/wp-json\/wp\/v2\/media?parent=1975"}],"curies":[{"name":"wp","href":"https:\/\/api.w.org\/{rel}","templated":true}]}}