{"id":1979,"date":"2023-10-23T10:03:53","date_gmt":"2023-10-23T10:03:53","guid":{"rendered":"https:\/\/twco.prowproject.eu\/policy-research-agenda\/"},"modified":"2024-01-24T12:26:38","modified_gmt":"2024-01-24T12:26:38","slug":"policy-research-agenda","status":"publish","type":"page","link":"https:\/\/twco.prowproject.eu\/ro\/policy-research-agenda\/","title":{"rendered":"Index \u0219i m\u0103sur\u0103tori"},"content":{"rendered":"<p><img decoding=\"async\" src=\"\/wp-content\/uploads\/2024\/01\/ro-circles.png\" alt=\"\"><\/p>\n<div>\n<p><span style=\"color: #025446;\">Starea de bine a profesorilor: <\/span>prioritizarea bun\u0103st\u0103rii profesorilor este crucial\u0103, deoarece atunci c\u00e2nd ace\u0219tia sunt sus\u021binu\u021bi emo\u021bional \u0219i fizic, ei pot promova mai bine un mediu de \u00eenv\u0103\u021bare pozitiv, pot inspira elevii \u0219i pot \u00eembun\u0103t\u0103\u021bi experien\u021ba educa\u021bional\u0103 general\u0103 a acestora.<\/p>\n<p><span style=\"color: #33a665;\">Progresul \u00een carier\u0103:<\/span> progresul \u00een carier\u0103 al profesorilor nu numai c\u0103 le ridic\u0103 nivelul profesional, dar le \u00eembun\u0103t\u0103\u021be\u0219te \u0219i capacitatea de a oferi o educa\u021bie de calitate superioar\u0103 care influen\u021beaz\u0103 pozitiv via\u021ba elevilor lor.<\/p>\n<p><span style=\"color: #014366;\">Preg\u0103tirea profesional\u0103:<\/span> dezvoltarea cuno\u0219tin\u021belor \u0219i abilit\u0103\u021bilor profesorilor le d\u0103 puterea s\u0103-\u0219i \u00eembun\u0103t\u0103\u021beasc\u0103 practica, s\u0103 fie la curent cu cele mai recente metodologii de predare \u0219i s\u0103-\u0219i dezvolte \u00een mod continuu expertiza, ceea ce duce la o predare mai eficient\u0103 \u0219i cu mai mare impact.<\/p>\n<p><span style=\"color: #37aa99;\">Factori sistemici:<\/span>Examinarea tuturor factorilor sistemici care au un impact direct \u0219i\/sau indirect asupra bun\u0103st\u0103rii \u0219i carierei cadrelor didactice, inclusiv curricula, evaluarea, politicile, integrarea tehnologiei, sprijinul, conducerea \u0219colii, rela\u021biile p\u0103rin\u021bi-\u0219coal\u0103 \u0219i to\u021bi ceilal\u021bi factori care influen\u021beaz\u0103 calitatea educa\u021biei.<\/p>\n<\/div>\n<h4>Index \u0219i m\u0103sur\u0103tori 2023-2024<\/h4>\n<div>\n<p><span>Indexul Observatorului privind bun\u0103starea \u0219i cariera profesorilor este un chestionar online care colecteaz\u0103 r\u0103spunsuri live \u0219i le salveaz\u0103 \u00eentr-o baz\u0103 de date. Indexul va fi actualizat periodic pentru a se asigura c\u0103 este mereu relevant \u0219i abordeaz\u0103 problemele cheie din educa\u021bie \u0219i cele referitoare la bun\u0103starea profesorilor.<\/span><\/p>\n<\/p>\n<ul>\n<li aria-level=\"1\"><span>Date demografice (de exemplu: sex, v\u00e2rst\u0103,\u00a0 nivelul salariului, nivelul preg\u0103tirii, num\u0103rul de elevi la o clas\u0103, nivelul de educa\u021bie al \u0219colii, structura institu\u021biei etc.)<\/span><\/li>\n<li aria-level=\"1\"><span>Progresul \u00een carier\u0103 (de exemplu: pozi\u021bia ierarhic\u0103, ani de experien\u021b\u0103, tipul de contract de munc\u0103, statutul angajatului, progresul \u00een carier\u0103 \u00een ultimii 5 ani, perspectiva de carier\u0103 \u00een urm\u0103torii 5 ani etc.)<\/span><\/li>\n<li aria-level=\"1\"><span>Dezvoltarea profesional\u0103 (participarea la activit\u0103\u021bi de dezvoltare profesional\u0103, ore de participare la preg\u0103tire, stimulente din partea \u0219colii\u00a0 etc.)<\/span><\/li>\n<li aria-level=\"1\"><span>Chestionarul de bun\u0103stare subiectiv\u0103 a profesorilor (TSWQ)<\/span><\/li>\n<li aria-level=\"1\"><span>Profilul PERMA<\/span><\/li>\n<li aria-level=\"1\"><span>Maslach Burnout Inventory (MBI)<\/span><\/li>\n<li aria-level=\"1\"><span>Lua\u021bi \u00een considerare ad\u0103ugarea unei scale care s\u0103 m\u0103soare satisfac\u021bia profesional\u0103 a profesorilor<\/span><\/li>\n<li aria-level=\"1\"><span>\u00centreb\u0103ri deschise (de exemplu: cele mai mari provoc\u0103ri, sugestii)<\/span><\/li>\n<\/ul>\n<p><a class=\"uk-button uk-button-primary\" href=\"https:\/\/www.surveymonkey.com\/r\/TWCO?lang=ro\" target=\"_blank\" rel=\"noopener\">Pute\u021bi completa chestionarul aici <\/a><\/p>\n<\/div>\n<h4>Raportul Observatorului bun\u0103st\u0103rii 2024<\/p>\n<\/h4>\n<div>\n<p>Raportul de bun\u0103stare este o activitate bianual\u0103 care include m\u0103sur\u0103torile documentate prin Indexul Observatorului privind bun\u0103starea \u0219i cariera profesorilor.<\/p>\n<p><a class=\"uk-button uk-button-primary\" href=\"#comingsoon\">Desc\u0103rca\u021bi raportul<\/a><\/p>\n<\/div>\n<p><!--more--><br \/>\n<!-- {\"type\":\"layout\",\"children\":[{\"type\":\"section\",\"props\":{\"animation\":\"fade\",\"animation_delay\":\"200\",\"image_position\":\"center-center\",\"padding_remove_top\":true,\"style\":\"default\",\"title_breakpoint\":\"xl\",\"title_position\":\"top-left\",\"title_rotation\":\"left\",\"vertical_align\":\"middle\",\"width\":\"default\"},\"children\":[{\"type\":\"row\",\"children\":[{\"type\":\"column\",\"props\":{\"image_position\":\"center-center\",\"media_overlay_gradient\":\"\",\"position_sticky_breakpoint\":\"m\"},\"children\":[{\"type\":\"headline\",\"props\":{\"class\":\"uk-text-uppercase\",\"text_align\":\"left\",\"title_color\":\"success\",\"title_element\":\"h1\",\"title_style\":\"h1\"},\"name\":\"headline-pages\",\"source\":{\"query\":{\"name\":\"pages.singlePage\"},\"props\":{\"content\":{\"filters\":{\"search\":\"\"},\"name\":\"title\"}}}},{\"type\":\"headline\",\"props\":{\"class\":\"uk-text-uppercase\",\"content\":\"THEMATIC DIMENSIONS\",\"status\":\"disabled\",\"title_color\":\"success\",\"title_element\":\"h4\"}}]}]},{\"type\":\"row\",\"props\":{\"layout\":\"1-3,2-3\"},\"children\":[{\"type\":\"column\",\"props\":{\"image_position\":\"center-center\",\"media_overlay_gradient\":\"\",\"position_sticky_breakpoint\":\"m\",\"width_medium\":\"1-3\"},\"children\":[{\"type\":\"image\",\"props\":{\"image\":\"wp-content\\\/uploads\\\/2024\\\/01\\\/ro-circles.png\",\"image_svg_color\":\"emphasis\",\"margin\":\"default\"}}]},{\"type\":\"column\",\"props\":{\"image_position\":\"center-center\",\"media_overlay_gradient\":\"\",\"position_sticky_breakpoint\":\"m\",\"vertical_align\":\"middle\",\"width_medium\":\"2-3\"},\"children\":[{\"type\":\"text\",\"props\":{\"class\":\"color-black\",\"column_breakpoint\":\"m\",\"content\":\"\n\n<p><span style=\\\"color: #025446;\\\">Starea de bine a profesorilor: <\\\/span>prioritizarea bun\\u0103st\\u0103rii profesorilor este crucial\\u0103, deoarece atunci c\\u00e2nd ace\\u0219tia sunt sus\\u021binu\\u021bi emo\\u021bional \\u0219i fizic, ei pot promova mai bine un mediu de \\u00eenv\\u0103\\u021bare pozitiv, pot inspira elevii \\u0219i pot \\u00eembun\\u0103t\\u0103\\u021bi experien\\u021ba educa\\u021bional\\u0103 general\\u0103 a acestora.<\\\/p>\\n\n\n<p><span style=\\\"color: #33a665;\\\">Progresul \\u00een carier\\u0103:<\\\/span> progresul \\u00een carier\\u0103 al profesorilor nu numai c\\u0103 le ridic\\u0103 nivelul profesional, dar le \\u00eembun\\u0103t\\u0103\\u021be\\u0219te \\u0219i capacitatea de a oferi o educa\\u021bie de calitate superioar\\u0103 care influen\\u021beaz\\u0103 pozitiv via\\u021ba elevilor lor.<\\\/p>\\n\n\n<p><span style=\\\"color: #014366;\\\">Preg\\u0103tirea profesional\\u0103:<\\\/span> dezvoltarea cuno\\u0219tin\\u021belor \\u0219i abilit\\u0103\\u021bilor profesorilor le d\\u0103 puterea s\\u0103-\\u0219i \\u00eembun\\u0103t\\u0103\\u021beasc\\u0103 practica, s\\u0103 fie la curent cu cele mai recente metodologii de predare \\u0219i s\\u0103-\\u0219i dezvolte \\u00een mod continuu expertiza, ceea ce duce la o predare mai eficient\\u0103 \\u0219i cu mai mare impact.<\\\/p>\\n\n\n<p><span style=\\\"color: #37aa99;\\\">Factori sistemici:<\\\/span>Examinarea tuturor factorilor sistemici care au un impact direct \\u0219i\\\/sau indirect asupra bun\\u0103st\\u0103rii \\u0219i carierei cadrelor didactice, inclusiv curricula, evaluarea, politicile, integrarea tehnologiei, sprijinul, conducerea \\u0219colii, rela\\u021biile p\\u0103rin\\u021bi-\\u0219coal\\u0103 \\u0219i to\\u021bi ceilal\\u021bi factori care influen\\u021beaz\\u0103 calitatea educa\\u021biei.<\\\/p>\",\"margin\":\"default\"}}]}]},{\"type\":\"row\",\"children\":[{\"type\":\"column\",\"props\":{\"image_position\":\"center-center\",\"media_overlay_gradient\":\"\",\"position_sticky_breakpoint\":\"m\"},\"children\":[{\"type\":\"headline\",\"props\":{\"class\":\"uk-text-uppercase\",\"content\":\"Index \\u0219i m\\u0103sur\\u0103tori 2023-2024\",\"margin_remove_bottom\":true,\"text_align\":\"left\",\"title_color\":\"success\",\"title_element\":\"h4\"}},{\"type\":\"text\",\"props\":{\"class\":\"color-black\",\"column_breakpoint\":\"m\",\"content\":\"\n\n<p><span>Indexul Observatorului privind bun\\u0103starea \\u0219i cariera profesorilor este un chestionar online care colecteaz\\u0103 r\\u0103spunsuri live \\u0219i le salveaz\\u0103 \\u00eentr-o baz\\u0103 de date. Indexul va fi actualizat periodic pentru a se asigura c\\u0103 este mereu relevant \\u0219i abordeaz\\u0103 problemele cheie din educa\\u021bie \\u0219i cele referitoare la bun\\u0103starea profesorilor.<\\\/span><\\\/p>\\n\n\n<p><\\\/p>\\n\n\n<ul>\\n\n\n<li aria-level=\\\"1\\\"><span>Date demografice (de exemplu: sex, v\\u00e2rst\\u0103,\\u00a0 nivelul salariului, nivelul preg\\u0103tirii, num\\u0103rul de elevi la o clas\\u0103, nivelul de educa\\u021bie al \\u0219colii, structura institu\\u021biei etc.)<\\\/span><\\\/li>\\n\n\n<li aria-level=\\\"1\\\"><span>Progresul \\u00een carier\\u0103 (de exemplu: pozi\\u021bia ierarhic\\u0103, ani de experien\\u021b\\u0103, tipul de contract de munc\\u0103, statutul angajatului, progresul \\u00een carier\\u0103 \\u00een ultimii 5 ani, perspectiva de carier\\u0103 \\u00een urm\\u0103torii 5 ani etc.)<\\\/span><\\\/li>\\n\n\n<li aria-level=\\\"1\\\"><span>Dezvoltarea profesional\\u0103 (participarea la activit\\u0103\\u021bi de dezvoltare profesional\\u0103, ore de participare la preg\\u0103tire, stimulente din partea \\u0219colii\\u00a0 etc.)<\\\/span><\\\/li>\\n\n\n<li aria-level=\\\"1\\\"><span>Chestionarul de bun\\u0103stare subiectiv\\u0103 a profesorilor (TSWQ)<\\\/span><\\\/li>\\n\n\n<li aria-level=\\\"1\\\"><span>Profilul PERMA<\\\/span><\\\/li>\\n\n\n<li aria-level=\\\"1\\\"><span>Maslach Burnout Inventory (MBI)<\\\/span><\\\/li>\\n\n\n<li aria-level=\\\"1\\\"><span>Lua\\u021bi \\u00een considerare ad\\u0103ugarea unei scale care s\\u0103 m\\u0103soare satisfac\\u021bia profesional\\u0103 a profesorilor<\\\/span><\\\/li>\\n\n\n<li aria-level=\\\"1\\\"><span>\\u00centreb\\u0103ri deschise (de exemplu: cele mai mari provoc\\u0103ri, sugestii)<\\\/span><\\\/li>\\n<\\\/ul>\\n\n\n<p><\\\/p>\\n\n\n<p><a class=\\\"uk-button uk-button-primary\\\" href=\\\"https:\\\/\\\/www.surveymonkey.com\\\/r\\\/TWCO?lang=ro\\\" target=\\\"_blank\\\" rel=\\\"noopener\\\">Pute\\u021bi completa chestionarul aici <\\\/a><\\\/p>\",\"margin\":\"default\",\"margin_remove_top\":true}}]}]},{\"type\":\"row\",\"children\":[{\"type\":\"column\",\"props\":{\"image_position\":\"center-center\",\"media_overlay_gradient\":\"\",\"position_sticky_breakpoint\":\"m\"},\"children\":[{\"type\":\"headline\",\"props\":{\"class\":\"uk-text-uppercase\",\"content\":\"Raportul Observatorului bun\\u0103st\\u0103rii 2024\\n\\n\",\"margin_remove_bottom\":true,\"text_align\":\"left\",\"title_color\":\"success\",\"title_element\":\"h4\"}},{\"type\":\"text\",\"props\":{\"class\":\"color-black\",\"column_breakpoint\":\"m\",\"content\":\"\n\n<p>Raportul de bun\\u0103stare este o activitate bianual\\u0103 care include m\\u0103sur\\u0103torile documentate prin Indexul Observatorului privind bun\\u0103starea \\u0219i cariera profesorilor.<\\\/p>\\n\n\n<p><a class=\\\"uk-button uk-button-primary\\\" href=\\\"#comingsoon\\\">Desc\\u0103rca\\u021bi raportul<\\\/a><\\\/p>\",\"margin\":\"default\",\"margin_remove_top\":true}}]}]}],\"name\":\"hahah]\"}],\"version\":\"3.0.20\"} --><\/p>\n","protected":false},"excerpt":{"rendered":"<p>Starea de bine a profesorilor: prioritizarea bun\u0103st\u0103rii profesorilor este crucial\u0103, deoarece atunci c\u00e2nd ace\u0219tia sunt sus\u021binu\u021bi emo\u021bional \u0219i fizic, ei pot promova mai bine un..<\/p>\n","protected":false},"author":1,"featured_media":0,"parent":0,"menu_order":0,"comment_status":"closed","ping_status":"closed","template":"","meta":{"_acf_changed":false,"inline_featured_image":false,"footnotes":""},"class_list":["post-1979","page","type-page","status-publish","hentry"],"acf":[],"_links":{"self":[{"href":"https:\/\/twco.prowproject.eu\/ro\/wp-json\/wp\/v2\/pages\/1979","targetHints":{"allow":["GET"]}}],"collection":[{"href":"https:\/\/twco.prowproject.eu\/ro\/wp-json\/wp\/v2\/pages"}],"about":[{"href":"https:\/\/twco.prowproject.eu\/ro\/wp-json\/wp\/v2\/types\/page"}],"author":[{"embeddable":true,"href":"https:\/\/twco.prowproject.eu\/ro\/wp-json\/wp\/v2\/users\/1"}],"replies":[{"embeddable":true,"href":"https:\/\/twco.prowproject.eu\/ro\/wp-json\/wp\/v2\/comments?post=1979"}],"version-history":[{"count":10,"href":"https:\/\/twco.prowproject.eu\/ro\/wp-json\/wp\/v2\/pages\/1979\/revisions"}],"predecessor-version":[{"id":2090,"href":"https:\/\/twco.prowproject.eu\/ro\/wp-json\/wp\/v2\/pages\/1979\/revisions\/2090"}],"wp:attachment":[{"href":"https:\/\/twco.prowproject.eu\/ro\/wp-json\/wp\/v2\/media?parent=1979"}],"curies":[{"name":"wp","href":"https:\/\/api.w.org\/{rel}","templated":true}]}}