{"id":1987,"date":"2023-10-23T10:03:53","date_gmt":"2023-10-23T10:03:53","guid":{"rendered":"https:\/\/twco.prowproject.eu\/join-us\/"},"modified":"2024-01-24T12:28:02","modified_gmt":"2024-01-24T12:28:02","slug":"join-us","status":"publish","type":"page","link":"https:\/\/twco.prowproject.eu\/ro\/join-us\/","title":{"rendered":"Al\u0103tura\u021bi-v\u0103 nou\u0103"},"content":{"rendered":"<h4>Invita\u021bie deschis\u0103<\/h4>\n<div>\n<p><span>Acesta este un apel deschis pentru toate organiza\u021biile \u0219i persoanele care \u00eemp\u0103rt\u0103\u0219esc aceea\u0219i viziune cu noi pentru a ne contacta \u00een vederea stabilirii modalit\u0103\u021bilor \u00een care am putem colabora. Urm\u0103toarele categorii de membri sunt acum deschise colabor\u0103rii:<\/span><\/p>\n<ul>\n<li aria-level=\"1\"><span>Puncte focale na\u021bionale<\/span><\/li>\n<li aria-level=\"1\"><span>Organiza\u021bii active \u00een formarea \u0219i cercetarea profesorilor (de exemplu: universit\u0103\u021bi, \u0219coli, centre de formare a profesorilor)<\/span><\/li>\n<li aria-level=\"1\"><span>Profesori \u0219i cercet\u0103tori individuali<\/span><\/li>\n<\/ul>\n<\/div>\n<h4>Beneficii pentru cadrele didactice<\/h4>\n<div>\n<p><span>Beneficiile pentru cadrele didactice care particip\u0103 la Observatorul pentru bun\u0103starea \u0219i cariera cadrelor didactice includ:<\/span><\/p>\n<p><span>\u00a0<\/span><\/p>\n<\/div>\n<ul>\n<li>\n<p>        <img decoding=\"async\" src=\"\/wp-content\/uploads\/2023\/10\/join11.png\" alt=\"\"><\/p>\n<div>\n<p>Ob\u021binerea unei \u00een\u021belegeri fundamentale a ceea ce constituie bun\u0103starea \u0219i a modului \u00een care aceasta le afecteaz\u0103 via\u021ba. <\/p>\n<\/div>\n<\/li>\n<li>\n<p>        <img decoding=\"async\" src=\"\/wp-content\/uploads\/2023\/10\/join12.png\" alt=\"\"><\/p>\n<div>\n<p>Promovarea ini\u021biativelor \u0219i practicilor care \u00eembun\u0103t\u0103\u021besc bun\u0103starea \u0219i satisfac\u021bia profesional\u0103 a profesorilor.<\/p>\n<\/div>\n<\/li>\n<li>\n<p>        <img decoding=\"async\" src=\"\/wp-content\/uploads\/2023\/10\/join13.png\" alt=\"\"><\/p>\n<div>\n<p>Dob\u00e2ndirea de cuno\u0219tin\u021be \u0219i abilit\u0103\u021bi specifice pentru a oferi o instruire eficient\u0103 \u00een domeniul abilit\u0103\u021bilor sociale. <\/p>\n<\/div>\n<\/li>\n<li>\n<p>        <img decoding=\"async\" src=\"\/wp-content\/uploads\/2023\/10\/join14.png\" alt=\"\"><\/p>\n<div>\n<p>Identificarea lacunelor \u0219i a provoc\u0103rilor \u00een dezvoltarea carierei at\u00e2t la nivel na\u021bional, c\u00e2t \u0219i la nivel european.<\/p>\n<\/div>\n<\/li>\n<li>\n<p>        <img decoding=\"async\" src=\"\/wp-content\/uploads\/2023\/10\/join15.png\" alt=\"\"><\/p>\n<div>\n<p>Influen\u021barea politicilor pentru dezvoltarea \u0219i \u00eembun\u0103t\u0103\u021birea bun\u0103st\u0103rii \u0219i dezvolt\u0103rii profesionale a cadrelor didactice. <\/p>\n<\/div>\n<\/li>\n<\/ul>\n<div>\n<p><span>Dac\u0103 dori\u021bi s\u0103 v\u0103 \u00eenregistra\u021bi ca sus\u021bin\u0103tor \u0219i s\u0103 primi\u021bi actualiz\u0103ri cu privire la ac\u021biunile noastre, face\u021bi\u00a0 <a style=\"color: #f8a65d;\" target=\"_blank\" href=\"#comingsoon\" rel=\"noopener\">clic aici.<\/a><br \/><\/span><\/p>\n<\/div>\n<h4>De ce s\u0103 v\u0103 al\u0103tura\u021bi nou\u0103?<\/h4>\n<div>\n<p>Pe m\u0103sur\u0103 ce re\u021beaua Observatorului cre\u0219te, c\u0103ut\u0103m \u00een mod constant noi \u021b\u0103ri \u0219i membri care s\u0103 se al\u0103ture. Exist\u0103 multe beneficii pentru organiza\u021bii \u0219i persoane de a ni se al\u0103tura \u00een aceast\u0103 ini\u021biativ\u0103:<\/p>\n<\/div>\n<ul>\n<li>\n<p>        <img decoding=\"async\" src=\"\/wp-content\/uploads\/2023\/10\/join21.png\" alt=\"\"><\/p>\n<div>\n<p>Oportunit\u0103\u021bile create de aceste re\u021bele vor fi nenum\u0103rate, permi\u021b\u00e2ndu-v\u0103 s\u0103 intra\u021bi \u00een leg\u0103tur\u0103 cu institu\u021bii de cercetare din Europa \u0219i s\u0103 dezvolta\u021bi colaborarea cu acestea.<\/p>\n<\/div>\n<\/li>\n<li>\n<p>        <img decoding=\"async\" src=\"\/wp-content\/uploads\/2023\/10\/join22.png\" alt=\"\"><\/p>\n<div>\n<p>Colaborarea \u0219i oportunit\u0103\u021bile viitoare de finan\u021bare va permite organiza\u021biei dumneavoastr\u0103 s\u0103 acceseze resurse suplimentare pentru cercetare \u0219i implementare.<\/p>\n<\/div>\n<\/li>\n<li>\n<p>        <img decoding=\"async\" src=\"\/wp-content\/uploads\/2023\/10\/join23.png\" alt=\"\"><\/p>\n<div>\n<p>Angajarea \u00een programe de cercetare colaborativ\u0103 \u0219i de consolidare a capacit\u0103\u021bilor de care dispune\u021bi v\u0103 va aduce mai multe oportunit\u0103\u021bi de formare pentru cercet\u0103tori, \u0219coli, profesori \u0219i celelalte categorii de personal.<\/p>\n<\/div>\n<\/li>\n<li>\n<p>        <img decoding=\"async\" src=\"\/wp-content\/uploads\/2023\/10\/join24.png\" alt=\"\"><\/p>\n<div>\n<p>Ve\u021bi avea oportunit\u0103\u021bi ample pentru publicarea \u0219i prezentarea la conferin\u021be a muncii \u0219i a expertizei organiza\u021biei dumneavoastr\u0103.<\/p>\n<\/div>\n<\/li>\n<li>\n<p>        <img decoding=\"async\" src=\"\/wp-content\/uploads\/2023\/10\/join25.png\" alt=\"\"><\/p>\n<div>\n<p>Prin consultarea \u0219i participarea la reformele politicilor na\u021bionale, organiza\u021bia dumneavoastr\u0103 poate contribui activ la modelarea peisajului educa\u021bional.<\/p>\n<\/div>\n<\/li>\n<li>\n<p>        <img decoding=\"async\" src=\"\/wp-content\/uploads\/2023\/10\/join26.png\" alt=\"\"><\/p>\n<div>\n<p>Al\u0103tur\u00e2ndu-v\u0103 nou\u0103, ve\u021bi putea contribui la \u00eembun\u0103t\u0103\u021birea profesiei didactice \u0219i a calit\u0103\u021bii generale a educa\u021biei av\u00e2nd ca rezultat un impact semnificativ.<\/p>\n<\/div>\n<\/li>\n<li>\n<p>        <img decoding=\"async\" src=\"\/wp-content\/uploads\/2023\/12\/lasticon.png\" alt=\"\"><\/p>\n<div>\n<p>Dac\u0103 \u00eendeplini\u021bi criteriile pentru a deveni punct focal na\u021bional (a se vedea sec\u021biunea ulterioar\u0103), pute\u021bi contribui din aceast\u0103 pozi\u021bie la bun\u0103starea profesorilor \u00een Europa, juc\u00e2nd un rol crucial \u00een modelarea dialogului \u0219i ini\u021biativelor.<\/p>\n<\/div>\n<\/li>\n<\/ul>\n<p><img decoding=\"async\" src=\"\/wp-content\/uploads\/2023\/10\/form-img.png\" alt=\"\"><\/p>\n<div>\n\n<div class=\"wpcf7 no-js\" id=\"wpcf7-f2066-o1\" lang=\"ro-RO\" dir=\"ltr\" data-wpcf7-id=\"2066\">\n<div class=\"screen-reader-response\"><p role=\"status\" aria-live=\"polite\" aria-atomic=\"true\"><\/p> <ul><\/ul><\/div>\n<form action=\"\/ro\/wp-json\/wp\/v2\/pages\/1987#wpcf7-f2066-o1\" method=\"post\" class=\"wpcf7-form init\" aria-label=\"Formular de contact\" novalidate=\"novalidate\" data-status=\"init\">\n<fieldset class=\"hidden-fields-container\"><input type=\"hidden\" name=\"_wpcf7\" value=\"2066\" \/><input type=\"hidden\" name=\"_wpcf7_version\" value=\"6.1.5\" \/><input type=\"hidden\" name=\"_wpcf7_locale\" value=\"ro_RO\" \/><input type=\"hidden\" name=\"_wpcf7_unit_tag\" value=\"wpcf7-f2066-o1\" \/><input type=\"hidden\" name=\"_wpcf7_container_post\" value=\"0\" \/><input type=\"hidden\" name=\"_wpcf7_posted_data_hash\" value=\"\" \/><input type=\"hidden\" name=\"_wpcf7_recaptcha_response\" value=\"\" \/>\n<\/fieldset>\n<div class=\"uk-margin uk-flex\">\n\t<div class=\"uk-inline uk-width-1-2@m uk-width-1-1@s uk-margin-right\">\n\t\t<p><span class=\"wpcf7-form-control-wrap\" data-name=\"your-name\"><input size=\"40\" maxlength=\"400\" class=\"wpcf7-form-control wpcf7-text wpcf7-validates-as-required uk-input uk-margin-small-bottom\" aria-required=\"true\" aria-invalid=\"false\" placeholder=\"Nume utilizator\" value=\"\" type=\"text\" name=\"your-name\" \/><\/span>\n\t\t<\/p>\n\t<\/div>\n\t<div class=\"uk-width-1-2@m uk-width-1-1@s uk-inline\">\n\t\t<p><span class=\"wpcf7-form-control-wrap\" data-name=\"your-email\"><input size=\"40\" maxlength=\"400\" class=\"wpcf7-form-control wpcf7-email wpcf7-validates-as-required wpcf7-text wpcf7-validates-as-email uk-input uk-margin-small-bottom\" aria-required=\"true\" aria-invalid=\"false\" placeholder=\"Adresa de e-mail\" value=\"\" type=\"email\" name=\"your-email\" \/><\/span>\n\t\t<\/p>\n\t<\/div>\n<\/div>\n<div class=\"uk-margin\">\n\t<p><span class=\"wpcf7-form-control-wrap\" data-name=\"your-subject\"><input size=\"40\" maxlength=\"400\" class=\"wpcf7-form-control wpcf7-text wpcf7-validates-as-required uk-input uk-margin-small-bottom\" aria-required=\"true\" aria-invalid=\"false\" placeholder=\"Subiect\" value=\"\" type=\"text\" name=\"your-subject\" \/><\/span>\n\t<\/p>\n<\/div>\n<div class=\"uk-margin\">\n<\/div>\n<div class=\"uk-margin\">\n\t<p><span class=\"wpcf7-form-control-wrap\" data-name=\"your-message\"><textarea cols=\"40\" rows=\"10\" maxlength=\"2000\" class=\"wpcf7-form-control wpcf7-textarea uk-textarea uk-margin-small-bottom\" aria-invalid=\"false\" placeholder=\"Mesaj\" name=\"your-message\"><\/textarea><\/span>\n\t<\/p>\n<\/div>\n<div class=\"uk-margin\">\n\t<p><span class=\"wpcf7-form-control-wrap\" data-name=\"acceptance-379\"><span class=\"wpcf7-form-control wpcf7-acceptance optional\"><span class=\"wpcf7-list-item\"><label><input type=\"checkbox\" name=\"acceptance-379\" value=\"1\" checked=\"checked\" class=\"uk-checkbox\" aria-invalid=\"false\" \/><span class=\"wpcf7-list-item-label\">A\u0219 dori s\u0103 m\u0103 \u00eenregistrez ca sus\u021bin\u0103tor \u0219i s\u0103 primesc actualiz\u0103ri despre ac\u021biunile noastre<\/span><\/label><\/span><\/span><\/span>\n\t<\/p>\n<\/div>\n<div class=\"uk-margin uk-text-center@s uk-text-right@m\">\n\t<p><input class=\"wpcf7-form-control wpcf7-submit has-spinner uk-button uk-button-secondary\" type=\"submit\" value=\"Trimite\" \/>\n\t<\/p>\n<\/div><div class=\"wpcf7-response-output\" aria-hidden=\"true\"><\/div>\n<\/form>\n<\/div>\n\n<\/div>\n<p><!--more--><br \/>\n<!-- {\"type\":\"layout\",\"children\":[{\"type\":\"section\",\"props\":{\"animation\":\"fade\",\"animation_delay\":\"200\",\"image_position\":\"center-center\",\"padding_remove_top\":true,\"style\":\"default\",\"title_breakpoint\":\"xl\",\"title_position\":\"top-left\",\"title_rotation\":\"left\",\"vertical_align\":\"middle\",\"width\":\"default\"},\"children\":[{\"type\":\"row\",\"children\":[{\"type\":\"column\",\"props\":{\"image_position\":\"center-center\",\"media_overlay_gradient\":\"\",\"position_sticky_breakpoint\":\"m\"},\"children\":[{\"type\":\"headline\",\"props\":{\"class\":\"uk-text-uppercase\",\"text_align\":\"left\",\"title_color\":\"success\",\"title_element\":\"h1\",\"title_style\":\"h1\"},\"name\":\"headline-pages\",\"source\":{\"query\":{\"name\":\"pages.singlePage\"},\"props\":{\"content\":{\"filters\":{\"search\":\"\"},\"name\":\"title\"}}}}]}]},{\"type\":\"row\",\"children\":[{\"type\":\"column\",\"props\":{\"image_position\":\"center-center\",\"media_overlay_gradient\":\"\",\"position_sticky_breakpoint\":\"m\"},\"children\":[{\"type\":\"headline\",\"props\":{\"class\":\"uk-text-uppercase\",\"content\":\"Invita\\u021bie deschis\\u0103\",\"margin_remove_bottom\":true,\"title_color\":\"success\",\"title_element\":\"h4\"}},{\"type\":\"text\",\"props\":{\"class\":\"color-black\",\"column_breakpoint\":\"m\",\"content\":\"\n\n<p><span>Acesta este un apel deschis pentru toate organiza\\u021biile \\u0219i persoanele care \\u00eemp\\u0103rt\\u0103\\u0219esc aceea\\u0219i viziune cu noi pentru a ne contacta \\u00een vederea stabilirii modalit\\u0103\\u021bilor \\u00een care am putem colabora. Urm\\u0103toarele categorii de membri sunt acum deschise colabor\\u0103rii:<\\\/span><\\\/p>\\n\n\n<ul>\\n\n\n<li aria-level=\\\"1\\\"><span>Puncte focale na\\u021bionale<\\\/span><\\\/li>\\n\n\n<li aria-level=\\\"1\\\"><span>Organiza\\u021bii active \\u00een formarea \\u0219i cercetarea profesorilor (de exemplu: universit\\u0103\\u021bi, \\u0219coli, centre de formare a profesorilor)<\\\/span><\\\/li>\\n\n\n<li aria-level=\\\"1\\\"><span>Profesori \\u0219i cercet\\u0103tori individuali<\\\/span><\\\/li>\\n<\\\/ul>\",\"margin\":\"default\",\"margin_remove_top\":true}}]}]},{\"type\":\"row\",\"children\":[{\"type\":\"column\",\"props\":{\"image_position\":\"center-center\",\"media_overlay_gradient\":\"\",\"position_sticky_breakpoint\":\"m\"},\"children\":[{\"type\":\"headline\",\"props\":{\"class\":\"uk-text-uppercase\",\"content\":\"Beneficii pentru cadrele didactice\",\"margin_remove_bottom\":true,\"title_color\":\"success\",\"title_element\":\"h4\"}},{\"type\":\"text\",\"props\":{\"class\":\"color-black\",\"column_breakpoint\":\"m\",\"content\":\"\n\n<p><span>Beneficiile pentru cadrele didactice care particip\\u0103 la Observatorul pentru bun\\u0103starea \\u0219i cariera cadrelor didactice includ:<\\\/span><\\\/p>\\n\n\n<p><span>\\u00a0<\\\/span><\\\/p>\",\"margin\":\"default\",\"margin_remove_top\":true}},{\"type\":\"grid\",\"props\":{\"class\":\"h3grid grid-join-c\",\"content_column_breakpoint\":\"m\",\"filter_align\":\"left\",\"filter_all\":true,\"filter_grid_breakpoint\":\"m\",\"filter_grid_width\":\"auto\",\"filter_position\":\"top\",\"filter_style\":\"tab\",\"grid_default\":\"1\",\"grid_medium\":\"3\",\"grid_small\":\"1\",\"icon_width\":80,\"image_align\":\"top\",\"image_grid_breakpoint\":\"m\",\"image_grid_width\":\"1-2\",\"image_svg_color\":\"emphasis\",\"item_animation\":true,\"link_style\":\"default\",\"link_text\":\"Read more\",\"margin\":\"default\",\"meta_align\":\"below-title\",\"meta_element\":\"div\",\"meta_style\":\"text-meta\",\"show_content\":true,\"show_image\":true,\"show_link\":true,\"show_meta\":true,\"show_title\":true,\"text_align\":\"center\",\"title_align\":\"top\",\"title_element\":\"h3\",\"title_grid_breakpoint\":\"m\",\"title_grid_width\":\"1-2\",\"title_hover_style\":\"reset\"},\"children\":[{\"type\":\"grid_item\",\"props\":{\"content\":\"\n\n<p>Ob\\u021binerea unei \\u00een\\u021belegeri fundamentale a ceea ce constituie bun\\u0103starea \\u0219i a modului \\u00een care aceasta le afecteaz\\u0103 via\\u021ba. <\\\/p>\",\"image\":\"wp-content\\\/uploads\\\/2023\\\/10\\\/join11.png\"}},{\"type\":\"grid_item\",\"props\":{\"content\":\"\n\n<p>Promovarea ini\\u021biativelor \\u0219i practicilor care \\u00eembun\\u0103t\\u0103\\u021besc bun\\u0103starea \\u0219i satisfac\\u021bia profesional\\u0103 a profesorilor.<\\\/p>\",\"image\":\"wp-content\\\/uploads\\\/2023\\\/10\\\/join12.png\",\"title\":\"\"}},{\"type\":\"grid_item\",\"props\":{\"content\":\"\n\n<p>Dob\\u00e2ndirea de cuno\\u0219tin\\u021be \\u0219i abilit\\u0103\\u021bi specifice pentru a oferi o instruire eficient\\u0103 \\u00een domeniul abilit\\u0103\\u021bilor sociale. <\\\/p>\",\"image\":\"wp-content\\\/uploads\\\/2023\\\/10\\\/join13.png\"}},{\"type\":\"grid_item\",\"props\":{\"content\":\"\n\n<p>Identificarea lacunelor \\u0219i a provoc\\u0103rilor \\u00een dezvoltarea carierei at\\u00e2t la nivel na\\u021bional, c\\u00e2t \\u0219i la nivel european.<\\\/p>\",\"image\":\"wp-content\\\/uploads\\\/2023\\\/10\\\/join14.png\"}},{\"type\":\"grid_item\",\"props\":{\"content\":\"\n\n<p>Influen\\u021barea politicilor pentru dezvoltarea \\u0219i \\u00eembun\\u0103t\\u0103\\u021birea bun\\u0103st\\u0103rii \\u0219i dezvolt\\u0103rii profesionale a cadrelor didactice. <\\\/p>\",\"image\":\"wp-content\\\/uploads\\\/2023\\\/10\\\/join15.png\"}}],\"name\":\"grid vmp\"},{\"type\":\"text\",\"props\":{\"class\":\"color-black\",\"column_breakpoint\":\"m\",\"content\":\"\n\n<p><span>Dac\\u0103 dori\\u021bi s\\u0103 v\\u0103 \\u00eenregistra\\u021bi ca sus\\u021bin\\u0103tor \\u0219i s\\u0103 primi\\u021bi actualiz\\u0103ri cu privire la ac\\u021biunile noastre, face\\u021bi\\u00a0 <a style=\\\"color: #f8a65d;\\\" target=\\\"_blank\\\" href=\\\"#comingsoon\\\" rel=\\\"noopener\\\">clic aici.<\\\/a><br \\\/><\\\/span><\\\/p>\",\"margin\":\"default\",\"margin_remove_top\":true}}]}]}],\"name\":\"hahah]\"},{\"type\":\"section\",\"props\":{\"class\":\"bg-green\",\"image_position\":\"center-center\",\"style\":\"default\",\"title_breakpoint\":\"xl\",\"title_position\":\"top-left\",\"title_rotation\":\"left\",\"vertical_align\":\"middle\",\"width\":\"default\"},\"children\":[{\"type\":\"row\",\"children\":[{\"type\":\"column\",\"props\":{\"image_position\":\"center-center\",\"media_overlay_gradient\":\"\",\"position_sticky_breakpoint\":\"m\"},\"children\":[{\"type\":\"headline\",\"props\":{\"class\":\"uk-text-uppercase\",\"content\":\"De ce s\\u0103 v\\u0103 al\\u0103tura\\u021bi nou\\u0103?\",\"margin_remove_bottom\":true,\"text_align\":\"left\",\"title_color\":\"success\",\"title_element\":\"h4\"}},{\"type\":\"text\",\"props\":{\"class\":\"color-black\",\"column_breakpoint\":\"m\",\"content\":\"\n\n<p>Pe m\\u0103sur\\u0103 ce re\\u021beaua Observatorului cre\\u0219te, c\\u0103ut\\u0103m \\u00een mod constant noi \\u021b\\u0103ri \\u0219i membri care s\\u0103 se al\\u0103ture. Exist\\u0103 multe beneficii pentru organiza\\u021bii \\u0219i persoane de a ni se al\\u0103tura \\u00een aceast\\u0103 ini\\u021biativ\\u0103:<\\\/p>\",\"margin\":\"default\",\"margin_remove_top\":true}},{\"type\":\"grid\",\"props\":{\"class\":\"h3grid grid-join-c grid-join-c2\",\"content_column_breakpoint\":\"m\",\"filter_align\":\"left\",\"filter_all\":true,\"filter_grid_breakpoint\":\"m\",\"filter_grid_width\":\"auto\",\"filter_position\":\"top\",\"filter_style\":\"tab\",\"grid_default\":\"1\",\"grid_medium\":\"3\",\"grid_small\":\"1\",\"icon_width\":80,\"image_align\":\"top\",\"image_grid_breakpoint\":\"m\",\"image_grid_width\":\"1-2\",\"image_svg_color\":\"emphasis\",\"item_animation\":true,\"link_style\":\"default\",\"link_text\":\"Read more\",\"margin\":\"default\",\"meta_align\":\"below-title\",\"meta_element\":\"div\",\"meta_style\":\"text-meta\",\"show_content\":true,\"show_image\":true,\"show_link\":true,\"show_meta\":true,\"show_title\":true,\"text_align\":\"center\",\"title_align\":\"top\",\"title_element\":\"h3\",\"title_grid_breakpoint\":\"m\",\"title_grid_width\":\"1-2\",\"title_hover_style\":\"reset\"},\"children\":[{\"type\":\"grid_item\",\"props\":{\"content\":\"\n\n<p>Oportunit\\u0103\\u021bile create de aceste re\\u021bele vor fi nenum\\u0103rate, permi\\u021b\\u00e2ndu-v\\u0103 s\\u0103 intra\\u021bi \\u00een leg\\u0103tur\\u0103 cu institu\\u021bii de cercetare din Europa \\u0219i s\\u0103 dezvolta\\u021bi colaborarea cu acestea.<\\\/p>\",\"image\":\"wp-content\\\/uploads\\\/2023\\\/10\\\/join21.png\"}},{\"type\":\"grid_item\",\"props\":{\"content\":\"\n\n<p>Colaborarea \\u0219i oportunit\\u0103\\u021bile viitoare de finan\\u021bare va permite organiza\\u021biei dumneavoastr\\u0103 s\\u0103 acceseze resurse suplimentare pentru cercetare \\u0219i implementare.<\\\/p>\",\"image\":\"wp-content\\\/uploads\\\/2023\\\/10\\\/join22.png\",\"title\":\"\"}},{\"type\":\"grid_item\",\"props\":{\"content\":\"\n\n<p>Angajarea \\u00een programe de cercetare colaborativ\\u0103 \\u0219i de consolidare a capacit\\u0103\\u021bilor de care dispune\\u021bi v\\u0103 va aduce mai multe oportunit\\u0103\\u021bi de formare pentru cercet\\u0103tori, \\u0219coli, profesori \\u0219i celelalte categorii de personal.<\\\/p>\",\"image\":\"wp-content\\\/uploads\\\/2023\\\/10\\\/join23.png\"}},{\"type\":\"grid_item\",\"props\":{\"content\":\"\n\n<p>Ve\\u021bi avea oportunit\\u0103\\u021bi ample pentru publicarea \\u0219i prezentarea la conferin\\u021be a muncii \\u0219i a expertizei organiza\\u021biei dumneavoastr\\u0103.<\\\/p>\",\"image\":\"wp-content\\\/uploads\\\/2023\\\/10\\\/join24.png\"}},{\"type\":\"grid_item\",\"props\":{\"content\":\"\n\n<p>Prin consultarea \\u0219i participarea la reformele politicilor na\\u021bionale, organiza\\u021bia dumneavoastr\\u0103 poate contribui activ la modelarea peisajului educa\\u021bional.<\\\/p>\",\"image\":\"wp-content\\\/uploads\\\/2023\\\/10\\\/join25.png\"}},{\"type\":\"grid_item\",\"props\":{\"content\":\"\n\n<p>Al\\u0103tur\\u00e2ndu-v\\u0103 nou\\u0103, ve\\u021bi putea contribui la \\u00eembun\\u0103t\\u0103\\u021birea profesiei didactice \\u0219i a calit\\u0103\\u021bii generale a educa\\u021biei av\\u00e2nd ca rezultat un impact semnificativ.<\\\/p>\",\"image\":\"wp-content\\\/uploads\\\/2023\\\/10\\\/join26.png\"}},{\"type\":\"grid_item\",\"props\":{\"content\":\"\n\n<p>Dac\\u0103 \\u00eendeplini\\u021bi criteriile pentru a deveni punct focal na\\u021bional (a se vedea sec\\u021biunea ulterioar\\u0103), pute\\u021bi contribui din aceast\\u0103 pozi\\u021bie la bun\\u0103starea profesorilor \\u00een Europa, juc\\u00e2nd un rol crucial \\u00een modelarea dialogului \\u0219i ini\\u021biativelor.<\\\/p>\",\"image\":\"wp-content\\\/uploads\\\/2023\\\/12\\\/lasticon.png\"}}],\"name\":\"grid vmp\"}]}]}]},{\"type\":\"section\",\"props\":{\"image\":\"wp-content\\\/uploads\\\/2023\\\/10\\\/form-bg.svg\",\"image_position\":\"center-center\",\"style\":\"default\",\"title_breakpoint\":\"xl\",\"title_position\":\"top-left\",\"title_rotation\":\"left\",\"vertical_align\":\"middle\",\"width\":\"default\"},\"children\":[{\"type\":\"row\",\"props\":{\"layout\":\"1-3,2-3\"},\"children\":[{\"type\":\"column\",\"props\":{\"image_position\":\"center-center\",\"media_overlay_gradient\":\"\",\"position_sticky_breakpoint\":\"m\",\"vertical_align\":\"middle\",\"width_medium\":\"1-3\"},\"children\":[{\"type\":\"image\",\"props\":{\"image\":\"wp-content\\\/uploads\\\/2023\\\/10\\\/form-img.png\",\"image_svg_color\":\"emphasis\",\"margin\":\"default\"}}]},{\"type\":\"column\",\"props\":{\"image_position\":\"center-center\",\"media_overlay_gradient\":\"\",\"position_sticky_breakpoint\":\"m\",\"width_medium\":\"2-3\"},\"children\":[{\"type\":\"text\",\"props\":{\"class\":\"form-join\",\"column_breakpoint\":\"m\",\"content\":\"\n\n<p>[contact-form-7 id=\\\"8\\\" title=\\\"Contact form EN\\\"]<\\\/p>\",\"margin\":\"default\"}}]}]}]}],\"version\":\"3.0.20\"} --><\/p>\n","protected":false},"excerpt":{"rendered":"<p>Invita\u021bie deschis\u0103 Acesta este un apel deschis pentru toate organiza\u021biile \u0219i persoanele care \u00eemp\u0103rt\u0103\u0219esc aceea\u0219i viziune cu noi pentru a ne contacta \u00een vederea stabilirii..<\/p>\n","protected":false},"author":1,"featured_media":0,"parent":0,"menu_order":0,"comment_status":"closed","ping_status":"closed","template":"","meta":{"_acf_changed":false,"inline_featured_image":false,"footnotes":""},"class_list":["post-1987","page","type-page","status-publish","hentry"],"acf":[],"_links":{"self":[{"href":"https:\/\/twco.prowproject.eu\/ro\/wp-json\/wp\/v2\/pages\/1987","targetHints":{"allow":["GET"]}}],"collection":[{"href":"https:\/\/twco.prowproject.eu\/ro\/wp-json\/wp\/v2\/pages"}],"about":[{"href":"https:\/\/twco.prowproject.eu\/ro\/wp-json\/wp\/v2\/types\/page"}],"author":[{"embeddable":true,"href":"https:\/\/twco.prowproject.eu\/ro\/wp-json\/wp\/v2\/users\/1"}],"replies":[{"embeddable":true,"href":"https:\/\/twco.prowproject.eu\/ro\/wp-json\/wp\/v2\/comments?post=1987"}],"version-history":[{"count":4,"href":"https:\/\/twco.prowproject.eu\/ro\/wp-json\/wp\/v2\/pages\/1987\/revisions"}],"predecessor-version":[{"id":2092,"href":"https:\/\/twco.prowproject.eu\/ro\/wp-json\/wp\/v2\/pages\/1987\/revisions\/2092"}],"wp:attachment":[{"href":"https:\/\/twco.prowproject.eu\/ro\/wp-json\/wp\/v2\/media?parent=1987"}],"curies":[{"name":"wp","href":"https:\/\/api.w.org\/{rel}","templated":true}]}}